{"id":27,"date":"2025-03-19T09:42:17","date_gmt":"2025-03-19T09:42:17","guid":{"rendered":"https:\/\/iil.ee\/?page_id=27"},"modified":"2025-06-11T16:24:03","modified_gmt":"2025-06-11T13:24:03","slug":"public-transport-card","status":"publish","type":"page","link":"https:\/\/iil.ee\/en\/uhiskaart","title":{"rendered":"Travel card"},"content":{"rendered":"<div class=\"bde-globalblock-27-102 bde-globalblock\">\n<section class=\"bde-section-483-100-483-1 bde-section bde-section-483-100\">\n  \n  \n\t\n\n\n\n<div class=\"section-container\"><h1 class=\"bde-heading-483-101-483-1 bde-heading bde-heading-483-101\">\nTravel card\n<\/h1><\/div>\n<\/section>\n<\/div><section class=\"bde-section-27-175 bde-section\">\n  \n  \n\t\n\n\n\n<div class=\"section-container\"><div class=\"bde-grid-27-226 bde-grid\">\n  \n  \n\t\n\n\n\n<a class=\"bde-container-link-27-227 bde-container-link breakdance-link\" href=\"https:\/\/ytkpohja.pilet.ee\/et\/purchase\/ticket\" target=\"_self\" data-type=\"url\">\n  \n  \n\t\n\n\n\n<div class=\"bde-div-27-228 bde-div soiduplaanid\">\n  \n  \n\t\n\n\n\n<div class=\"bde-div-27-229 bde-div\">\n  \n  \n\t\n\n\n\n<div class=\"bde-icon-27-230 bde-icon\">\n\n    \n            <div class=\"bde-icon-icon breakdance-icon-atom\" >\n    \n                    <svg xmlns=\"http:\/\/www.w3.org\/2000\/svg\" viewbox=\"0 0 64 64\" width=\"512\" height=\"512\"><g id=\"Calendar\"><path d=\"M57,8H52V6a4,4,0,0,0-8,0V8H36V6a4,4,0,0,0-8,0V8H20V6a4,4,0,0,0-8,0V8H7a5,5,0,0,0-5,5V53a5,5,0,0,0,5,5H35a1,1,0,0,0,0-2H7a3.009,3.009,0,0,1-3-3V22H60V39a1,1,0,0,0,2,0V13A5,5,0,0,0,57,8ZM46,6a2,2,0,0,1,4,0v6a2,2,0,0,1-4,0ZM30,6a2,2,0,0,1,4,0v6a2,2,0,0,1-4,0ZM14,6a2,2,0,0,1,4,0v6a2,2,0,0,1-4,0ZM60,20H4V13a3.009,3.009,0,0,1,3-3h5v2a4,4,0,0,0,8,0V10h8v2a4,4,0,0,0,8,0V10h8v2a4,4,0,0,0,8,0V10h5a3.009,3.009,0,0,1,3,3Z\"\/><path d=\"M30,29a2,2,0,0,0-2-2H24a2,2,0,0,0-2,2v3a2,2,0,0,0,2,2h4a2,2,0,0,0,2-2Zm-6,3V29h4v3Z\"\/><path d=\"M18,29a2,2,0,0,0-2-2H12a2,2,0,0,0-2,2v3a2,2,0,0,0,2,2h4a2,2,0,0,0,2-2Zm-6,3V29h4v3Z\"\/><path d=\"M52,34a2,2,0,0,0,2-2V29a2,2,0,0,0-2-2H48a2,2,0,0,0-2,2v3a2,2,0,0,0,2,2Zm-4-5h4v3H48Z\"\/><path d=\"M30,38a2,2,0,0,0-2-2H24a2,2,0,0,0-2,2v3a2,2,0,0,0,2,2h4a2,2,0,0,0,2-2Zm-6,3V38h4v3Z\"\/><path d=\"M18,38a2,2,0,0,0-2-2H12a2,2,0,0,0-2,2v3a2,2,0,0,0,2,2h4a2,2,0,0,0,2-2Zm-6,3V38h4v3Z\"\/><path d=\"M28,45H24a2,2,0,0,0-2,2v3a2,2,0,0,0,2,2h4a2,2,0,0,0,2-2V47A2,2,0,0,0,28,45Zm-4,5V47h4v3Z\"\/><path d=\"M36,34h4a2,2,0,0,0,2-2V29a2,2,0,0,0-2-2H36a2,2,0,0,0-2,2v3A2,2,0,0,0,36,34Zm0-5h4v3H36Z\"\/><path d=\"M34,41a2,2,0,0,0,2,2,1,1,0,0,0,0-2V38h4a1,1,0,0,0,0-2H36a2,2,0,0,0-2,2Z\"\/><path d=\"M16,45H12a2,2,0,0,0-2,2v3a2,2,0,0,0,2,2h4a2,2,0,0,0,2-2V47A2,2,0,0,0,16,45Zm-4,5V47h4v3Z\"\/><path d=\"M49,36A13,13,0,1,0,62,49,13.015,13.015,0,0,0,49,36Zm0,24A11,11,0,1,1,60,49,11.013,11.013,0,0,1,49,60Z\"\/><path d=\"M54.778,44.808,47,52.586,43.465,49.05a1,1,0,0,0-1.414,1.414l4.242,4.243a1,1,0,0,0,1.414,0l8.485-8.485a1,1,0,0,0-1.414-1.414Z\"\/><\/g><\/svg>\n        \n        \n        \n            <\/div>\n    \n\n\n<\/div>\n<\/div><div class=\"bde-div-27-231 bde-div\">\n  \n  \n\t\n\n\n\n<div class=\"bde-text-27-232 bde-text\">\nBuy a season ticket for a single card\n<\/div><div class=\"bde-div-27-233 bde-div\">\n  \n  \n\t\n\n\n\n<div class=\"bde-text-27-234 bde-text\">\nTravel unlimited for 30 days\n<\/div>\n<\/div>\n<\/div>\n<\/div>\n\n<\/a><a class=\"bde-container-link-27-235 bde-container-link breakdance-link\" href=\"https:\/\/ytkpohja.pilet.ee\/et\/purchase\/wallet\" target=\"_self\" data-type=\"url\">\n  \n  \n\t\n\n\n\n<div class=\"bde-div-27-236 bde-div soiduplaanid\">\n  \n  \n\t\n\n\n\n<div class=\"bde-div-27-237 bde-div\">\n  \n  \n\t\n\n\n\n<div class=\"bde-icon-27-238 bde-icon\">\n\n    \n            <div class=\"bde-icon-icon breakdance-icon-atom\" >\n    \n                    <svg xmlns=\"http:\/\/www.w3.org\/2000\/svg\" id=\"Outline\" enable-background=\"new 0 0 512 512\" height=\"512\" viewbox=\"0 0 512 512\" width=\"512\"><path d=\"m118.1 368h117.4l28.5 42.3c1.3 47.7 40.3 85.7 88 85.7h56c4.4 0 8-3.6 8-8v-192c0-6.6-1.6-13-4.7-18.8l-59.3-111.2v-127.9c0-12.2-9.9-22.1-22.1-22.1h-211.8c-12.2 0-22.1 9.9-22.1 22.1v307.8c0 12.2 9.9 22.1 22.1 22.1zm281.9-72v184h-48c-39.2 0-71.1-31.3-72-70.5.4-2.1 0-4.2-1.2-6l-51.9-76.8c-7.4-11-4.4-25.9 6.7-33.3 10.9-7.3 25.7-4.4 33.1 6.4 0 .1.1.1.1.2l46.7 64.6c1.5 2.1 3.9 3.3 6.5 3.3h24c4.4 0 8-3.6 8-8v-159.9l45.2 84.7c1.8 3.5 2.8 7.4 2.8 11.3zm-288-257.9c0-3.4 2.7-6.1 6.1-6.1h211.8c3.4 0 6.1 2.7 6.1 6.1v313.9h-11.9l-11.6-16c4.2-.3 7.5-3.8 7.5-8v-48c0-4.4-3.6-8-8-8s-8 3.6-8 8v44.2l-24.2-33.4c-12.4-18.2-37.2-23-55.5-10.6-.1.1-.3.2-.4.3 0-.1 0-.3 0-.4v-32c0-4.4-3.6-8-8-8s-8 3.6-8 8v32c0 4.3 3.5 7.9 7.8 8-11.1 13.7-12 33-2.2 47.7l11 16.3h-106.4c-3.4 0-6.1-2.7-6.1-6.1z\"\/><path d=\"m248 112h32c4.4 0 8-3.6 8-8v-48c0-4.4-3.6-8-8-8h-32c-4.4 0-8 3.6-8 8v48c0 4.4 3.6 8 8 8zm8-48h16v32h-16z\"\/><path d=\"m136 80c4.4 0 8-3.6 8-8v-16c0-4.4-3.6-8-8-8s-8 3.6-8 8v16c0 4.4 3.6 8 8 8z\"\/><path d=\"m136 192c4.4 0 8-3.6 8-8v-80c0-4.4-3.6-8-8-8s-8 3.6-8 8v80c0 4.4 3.6 8 8 8z\"\/><path d=\"m216 96c4.4 0 8-3.6 8-8v-32c0-4.4-3.6-8-8-8s-8 3.6-8 8v32c0 4.4 3.6 8 8 8z\"\/><path d=\"m216 160c4.4 0 8-3.6 8-8v-32c0-4.4-3.6-8-8-8s-8 3.6-8 8v32c0 4.4 3.6 8 8 8z\"\/><path d=\"m216 224c4.4 0 8-3.6 8-8v-32c0-4.4-3.6-8-8-8s-8 3.6-8 8v32c0 4.4 3.6 8 8 8z\"\/><path d=\"m312 112c4.4 0 8-3.6 8-8v-48c0-4.4-3.6-8-8-8s-8 3.6-8 8v48c0 4.4 3.6 8 8 8z\"\/><path d=\"m152 336c-13.2 0-24-10.8-24-24v-32c0-13.2 10.8-24 24-24s24 10.8 24 24v32c0 13.2-10.8 24-24 24zm0-64c-4.4 0-8 3.6-8 8v32c0 4.4 3.6 8 8 8s8-3.6 8-8v-32c0-4.4-3.6-8-8-8z\"\/><\/svg>\n        \n        \n        \n            <\/div>\n    \n\n\n<\/div>\n<\/div><div class=\"bde-div-27-239 bde-div\">\n  \n  \n\t\n\n\n\n<div class=\"bde-text-27-240 bde-text\">\nLoad money onto a travel carc\n<\/div><div class=\"bde-div-27-241 bde-div\">\n  \n  \n\t\n\n\n\n<div class=\"bde-text-27-242 bde-text\">\nGet the cheapest single ticket on the bus with the money on the single card.\n<\/div>\n<\/div>\n<\/div>\n<\/div>\n\n<\/a><a class=\"bde-container-link-27-243 bde-container-link breakdance-link\" href=\"https:\/\/ytkpohja.pilet.ee\/et\/account\/cards\" target=\"_self\" data-type=\"url\">\n  \n  \n\t\n\n\n\n<div class=\"bde-div-27-244 bde-div soiduplaanid\">\n  \n  \n\t\n\n\n\n<div class=\"bde-div-27-245 bde-div\">\n  \n  \n\t\n\n\n\n<div class=\"bde-icon-27-246 bde-icon\">\n\n    \n            <div class=\"bde-icon-icon breakdance-icon-atom\" >\n    \n                    <svg xmlns=\"http:\/\/www.w3.org\/2000\/svg\" id=\"Capa_1\" enable-background=\"new 0 0 511.851 511.851\" height=\"512\" viewbox=\"0 0 511.851 511.851\" width=\"512\"><g><path d=\"m149.703 227.575c0-7.629-6.207-13.836-13.837-13.836h-19.339c-7.63 0-13.837 6.207-13.837 13.836v15.824c0 7.63 6.207 13.837 13.837 13.837h19.339c7.63 0 13.837-6.207 13.837-13.837zm-15 14.661h-17.013v-13.498h17.013z\"\/><path d=\"m84.959 227.575c0-7.629-6.207-13.836-13.837-13.836h-19.338c-7.63 0-13.837 6.207-13.837 13.836v15.824c0 7.63 6.207 13.837 13.837 13.837h19.338c7.63 0 13.837-6.207 13.837-13.837zm-15 14.661h-17.012v-13.498h17.012z\"\/><path d=\"m149.703 284.531c0-7.63-6.207-13.837-13.837-13.837h-19.339c-7.63 0-13.837 6.207-13.837 13.837v15.824c0 7.629 6.207 13.836 13.837 13.836h19.339c7.63 0 13.837-6.207 13.837-13.836zm-15 14.661h-17.013v-13.498h17.013z\"\/><path d=\"m84.959 284.531c0-7.63-6.207-13.837-13.837-13.837h-19.338c-7.63 0-13.837 6.207-13.837 13.837v15.824c0 7.629 6.207 13.836 13.837 13.836h19.338c7.63 0 13.837-6.207 13.837-13.836zm-15 14.661h-17.012v-13.498h17.012z\"\/><path d=\"m135.867 327.651h-19.339c-7.63 0-13.837 6.207-13.837 13.837v15.824c0 7.63 6.207 13.837 13.837 13.837h19.339c7.63 0 13.837-6.207 13.837-13.837v-15.824c-.001-7.63-6.208-13.837-13.837-13.837zm-1.164 28.497h-17.013v-13.498h17.013z\"\/><path d=\"m71.122 327.651h-19.338c-7.63 0-13.837 6.207-13.837 13.837v15.824c0 7.63 6.207 13.837 13.837 13.837h19.338c7.63 0 13.837-6.207 13.837-13.837v-15.824c0-7.63-6.207-13.837-13.837-13.837zm-1.163 28.497h-17.012v-13.498h17.012z\"\/><path d=\"m181.272 371.148h19.338c7.63 0 13.837-6.207 13.837-13.837v-15.824c0-7.63-6.207-13.837-13.837-13.837h-19.338c-7.63 0-13.837 6.207-13.837 13.837v15.824c0 7.63 6.207 13.837 13.837 13.837zm1.163-28.497h17.012v13.498h-17.012z\"\/><path d=\"m502.912 446.539-12.028-21.031 7.743-76.748c3.923-38.884-11.577-77.134-41.463-102.318l-63.085-53.158-65.81-115.07c-4.172-7.295-10.936-12.529-19.044-14.737-8.109-2.207-16.593-1.127-23.887 3.046l-40.891 23.386v-47.833c0-23.201-18.875-42.076-42.075-42.076h-152.349c-23.201 0-42.076 18.875-42.076 42.076v318.904c0 21.75 16.588 39.698 37.777 41.858v86.49c0 3.487 1.759 6.683 4.706 8.548 2.948 1.866 6.59 2.088 9.741.596l16.425-7.776 21.205 9.189c1.28.554 2.649.831 4.019.831 1.422 0 2.844-.298 4.166-.895l20.266-9.153 21.098 9.194c2.68 1.168 5.733 1.122 8.375-.13l19.019-9.01 17.668 7.929c3.144 1.41 6.747 1.135 9.64-.738 2.892-1.873 4.619-5.047 4.619-8.493v-86.582c21.189-2.16 37.777-20.108 37.777-41.858v-24.862l9.247 16.168c1.001 1.75 2.155 3.379 3.437 4.878l-3.214 16.078c-1.373 6.868.012 13.858 3.897 19.685s9.807 9.792 16.674 11.164c1.73.346 3.468.517 5.193.517 5.123 0 10.133-1.507 14.492-4.413.076-.051.148-.105.223-.156 3.717 5.695 9.624 9.956 16.804 11.391 1.705.341 3.416.506 5.111.506 4.349 0 8.589-1.098 12.357-3.112 9.466 27.95 26.261 53.264 48.865 72.807l5.272 4.559 12.515 21.882c1.385 2.421 3.915 3.778 6.517 3.778 1.263 0 2.542-.319 3.717-.991 3.595-2.056 4.843-6.638 2.787-10.234l-13.15-22.994c-.421-.736-.963-1.395-1.605-1.95l-6.241-5.396c-31.313-27.074-50.379-66.316-52.309-107.666l-2.611-55.917c-.165-3.544-1.183-7.046-2.946-10.129l-25.631-44.816c-1.886-3.297-2.375-7.131-1.376-10.796s3.364-6.722 6.661-8.607c3.298-1.886 7.13-2.377 10.797-1.376 3.665.998 6.722 3.363 8.607 6.66l14.322 25.042c2.057 3.596 6.639 4.843 10.233 2.788 3.596-2.057 4.844-6.639 2.788-10.234l-14.321-25.042c-3.875-6.775-10.156-11.636-17.687-13.687-7.531-2.05-15.41-1.046-22.185 2.829-13.986 7.999-18.857 25.886-10.858 39.872l25.631 44.815c.588 1.029.928 2.198.983 3.381l1.246 26.679-29.51 16.877c-3.817 2.183-8.255 2.75-12.498 1.593-4.243-1.155-7.782-3.894-9.965-7.711l-58.994-103.15c-2.057-3.596-6.64-4.845-10.234-2.787-3.595 2.056-4.843 6.638-2.787 10.234l13.714 23.979c-2.223-1.525-4.91-2.421-7.804-2.421h-19.338c-7.63 0-13.837 6.207-13.837 13.837v15.824c0 7.629 6.207 13.836 13.837 13.836h19.338c7.63 0 13.837-6.207 13.837-13.836v-15.824c0-.321-.027-.636-.048-.952l15.048 26.312v51.089c0 14.93-12.146 27.076-27.075 27.076h-152.351c-14.93 0-27.076-12.146-27.076-27.076v-318.905c0-14.93 12.146-27.076 27.076-27.076h152.349c14.929 0 27.075 12.146 27.075 27.076v56.412l-15 8.579v-38.306c0-6.658-5.417-12.075-12.075-12.075h-152.349c-6.659 0-12.076 5.417-12.076 12.076v32.008c0 4.142 3.358 7.5 7.5 7.5s7.5-3.358 7.5-7.5v-29.084h146.5v43.959l-33.794 19.328c-13.688 7.828-19.265 24.453-13.699 38.726h-99.007v-40.967c0-4.142-3.358-7.5-7.5-7.5s-7.5 3.358-7.5 7.5v43.891c0 6.659 5.417 12.076 12.076 12.076h110.112l18.698 32.693c2.057 3.595 6.638 4.843 10.234 2.787s4.843-6.638 2.787-10.234l-24.871-43.486c-4.507-7.88-1.762-17.958 6.118-22.464l119.685-68.45c3.817-2.183 8.255-2.75 12.498-1.593 4.243 1.155 7.782 3.894 9.965 7.711l99.732 174.383c2.183 3.817 2.749 8.256 1.594 12.499-1.156 4.243-3.894 7.781-7.711 9.964l-28.171 16.111-8.946-15.642c-2.057-3.596-6.64-4.843-10.234-2.787-3.595 2.056-4.843 6.638-2.787 10.234l20.233 35.377c1.385 2.421 3.915 3.778 6.517 3.778 1.263 0 2.542-.319 3.717-.991 3.595-2.056 4.843-6.638 2.787-10.234l-3.84-6.714 28.171-16.111c7.295-4.172 12.529-10.936 14.737-19.044s1.126-16.592-3.046-23.887l-12.268-21.45 31.764 26.766c26.096 21.99 39.631 55.389 36.206 89.341l-7.984 79.139c-.157 1.555.176 3.12.952 4.477l13.221 23.117c1.385 2.421 3.915 3.778 6.517 3.778 1.263 0 2.542-.319 3.717-.991 3.595-2.059 4.842-6.641 2.785-10.237zm-182.859-83.219c.479 10.25 1.924 20.38 4.257 30.268-2.612 2.646-6.426 3.881-10.169 3.134-6.066-1.212-10.015-7.134-8.803-13.2l5.535-27.691 8.6-4.919zm-38.997 4.824c4.32 0 8.592-.913 12.595-2.68l-3.022 15.117c-.587 2.938-2.284 5.472-4.777 7.135-2.494 1.664-5.485 2.255-8.423 1.667-2.938-.587-5.472-2.284-7.135-4.777s-2.255-5.484-1.667-8.423l1.966-9.835c.705.246 1.418.477 2.146.676 2.749.749 5.542 1.12 8.317 1.12zm-81.609-68.952h-17.012v-13.498h17.012zm-7.777 182.685-12.842-5.763c-2.704-1.212-5.79-1.181-8.472.088l-19.047 9.023-21.051-9.174c-2.614-1.14-5.605-1.12-8.207.055l-20.271 9.156-21.249-9.208c-1.285-.557-2.654-.835-4.024-.835-1.48 0-2.96.325-4.33.973l-11.454 5.423v-78.559h130.947z\"\/><path d=\"m295.807 135.622c1.088-3.997-1.269-8.119-5.266-9.207-14.768-4.021-30.219-2.052-43.506 5.547-13.286 7.599-22.818 19.917-26.84 34.686-1.088 3.997 1.269 8.119 5.266 9.207.66.18 1.323.266 1.975.266 3.299 0 6.323-2.194 7.232-5.531 2.969-10.903 10.006-19.997 19.814-25.606 9.809-5.61 21.214-7.064 32.118-4.095 3.995 1.087 8.119-1.271 9.207-5.267z\"\/><path d=\"m278.715 169.842c3.994 1.086 8.118-1.269 9.208-5.265 1.089-3.996-1.269-8.119-5.265-9.208-7.04-1.917-14.402-.983-20.727 2.633-6.324 3.616-10.862 9.486-12.78 16.529-1.088 3.997 1.269 8.119 5.266 9.207.66.18 1.323.266 1.975.266 3.299 0 6.323-2.194 7.232-5.531.865-3.177 2.909-5.822 5.754-7.45 2.845-1.626 6.161-2.046 9.337-1.181z\"\/><path d=\"m275.786 197.338c1.385 2.421 3.915 3.778 6.517 3.778 1.263 0 2.542-.319 3.717-.991 3.595-2.056 4.843-6.638 2.787-10.234l-2.491-4.356c-2.057-3.596-6.639-4.844-10.234-2.787-3.595 2.056-4.843 6.638-2.787 10.234z\"\/><\/g><\/svg>\n        \n        \n        \n            <\/div>\n    \n\n\n<\/div>\n<\/div><div class=\"bde-div-27-247 bde-div\">\n  \n  \n\t\n\n\n\n<div class=\"bde-text-27-248 bde-text\">\nSingle card ticket purchases\n<\/div><div class=\"bde-div-27-249 bde-div\">\n  \n  \n\t\n\n\n\n<div class=\"bde-text-27-250 bde-text\">\nCheck your valid tickets, purchase history and balance on your card.\n<\/div>\n<\/div>\n<\/div>\n<\/div>\n\n<\/a><a class=\"bde-container-link-27-251 bde-container-link breakdance-link\" href=\"https:\/\/ytkpohja.pilet.ee\/et\/personalize\/travelcard\" target=\"_self\" data-type=\"url\">\n  \n  \n\t\n\n\n\n<div class=\"bde-div-27-252 bde-div soiduplaanid\">\n  \n  \n\t\n\n\n\n<div class=\"bde-div-27-253 bde-div\">\n  \n  \n\t\n\n\n\n<div class=\"bde-icon-27-254 bde-icon\">\n\n    \n            <div class=\"bde-icon-icon breakdance-icon-atom\" >\n    \n                    <svg xmlns=\"http:\/\/www.w3.org\/2000\/svg\" id=\"Capa_1\" enable-background=\"new 0 0 512.002 512.002\" height=\"512\" viewbox=\"0 0 512.002 512.002\" width=\"512\"><g><path d=\"m511.731 318.141-25.998-223.242c-2.527-21.693-22.232-37.285-43.923-34.76l-382.7 44.568c-10.176 1.185-19.379 6.18-25.913 14.066-2.643 3.189-2.2 7.917.989 10.56 3.19 2.643 7.917 2.2 10.561-.99 4.059-4.898 9.776-8.001 16.098-8.737l382.701-44.567c6.527-.761 12.962 1.066 18.117 5.146 5.154 4.079 8.411 9.921 9.171 16.45l25.998 223.242c1.57 13.478-8.118 25.719-21.595 27.289l-10.734 1.25v-8.133c0-4.142-3.358-7.5-7.5-7.5s-7.5 3.358-7.5 7.5v72.241c0 13.568-11.039 24.607-24.607 24.607h-385.289c-13.568 0-24.607-11.039-24.607-24.607v-224.751c0-13.568 11.039-24.607 24.607-24.607h385.288c13.568 0 24.607 11.039 24.607 24.607v120.402c0 4.142 3.358 7.5 7.5 7.5s7.5-3.358 7.5-7.5v-120.402c0-21.839-17.768-39.607-39.607-39.607h-385.288c-21.839-.001-39.607 17.767-39.607 39.607v224.751c0 21.839 17.768 39.607 39.607 39.607h385.288c21.839 0 39.607-17.768 39.607-39.607v-49.007l12.469-1.452c10.508-1.224 19.911-6.467 26.477-14.763s9.507-18.652 8.283-29.161z\"\/><path d=\"m55.661 355.809h64.214c4.142 0 7.5-3.358 7.5-7.5s-3.358-7.5-7.5-7.5h-64.214c-4.142 0-7.5 3.358-7.5 7.5s3.358 7.5 7.5 7.5z\"\/><path d=\"m55.661 395.943h160.536c4.142 0 7.5-3.358 7.5-7.5s-3.358-7.5-7.5-7.5h-160.536c-4.142 0-7.5 3.358-7.5 7.5s3.358 7.5 7.5 7.5z\"\/><path d=\"m216.197 340.809h-64.214c-4.142 0-7.5 3.358-7.5 7.5s3.358 7.5 7.5 7.5h64.214c4.142 0 7.5-3.358 7.5-7.5s-3.358-7.5-7.5-7.5z\"\/><path d=\"m312.519 340.809h-64.214c-4.142 0-7.5 3.358-7.5 7.5s3.358 7.5 7.5 7.5h64.214c4.142 0 7.5-3.358 7.5-7.5s-3.358-7.5-7.5-7.5z\"\/><path d=\"m337.126 348.309c0 4.142 3.358 7.5 7.5 7.5h64.215c4.142 0 7.5-3.358 7.5-7.5s-3.358-7.5-7.5-7.5h-64.215c-4.142 0-7.5 3.358-7.5 7.5z\"\/><path d=\"m71.714 315.675h48.161c12.988 0 23.554-10.566 23.554-23.554v-32.107c0-12.987-10.566-23.553-23.554-23.553h-48.161c-12.987 0-23.553 10.566-23.553 23.553v32.107c0 12.988 10.566 23.554 23.553 23.554zm-8.553-55.661c0-4.716 3.837-8.553 8.553-8.553h48.161c4.716 0 8.554 3.837 8.554 8.553v32.107c0 4.716-3.837 8.554-8.554 8.554h-48.161c-4.716 0-8.553-3.837-8.553-8.554z\"\/><path d=\"m87.768 283.568h16.054c4.142 0 7.5-3.358 7.5-7.5s-3.358-7.5-7.5-7.5h-16.054c-4.142 0-7.5 3.358-7.5 7.5s3.358 7.5 7.5 7.5z\"\/><path d=\"m380.912 290.809c1.073.534 2.213.787 3.335.787 2.756 0 5.41-1.525 6.721-4.161 6.185-12.431 9.32-25.708 9.32-39.461 0-13.754-3.136-27.031-9.32-39.461-1.846-3.709-6.347-5.218-10.056-3.374-3.708 1.845-5.219 6.347-3.374 10.056 5.143 10.336 7.75 21.365 7.75 32.78s-2.607 22.443-7.75 32.78c-1.846 3.707-.335 8.209 3.374 10.054z\"\/><path d=\"m352.116 276.31c1.076.537 2.218.791 3.344.791 2.752 0 5.403-1.521 6.716-4.151 3.983-7.98 6.003-16.383 6.003-24.976s-2.02-16.996-6.003-24.976c-1.851-3.706-6.354-5.211-10.061-3.36-3.706 1.85-5.21 6.354-3.36 10.061 2.936 5.88 4.424 12.029 4.424 18.275s-1.488 12.395-4.424 18.275c-1.849 3.706-.344 8.211 3.361 10.061z\"\/><path d=\"m323.39 261.844c1.091.556 2.253.819 3.399.819 2.73 0 5.363-1.497 6.688-4.096 1.722-3.38 2.595-6.944 2.595-10.593s-.873-7.213-2.595-10.593c-1.882-3.69-6.398-5.157-10.088-3.277-3.69 1.881-5.158 6.397-3.277 10.088.637 1.25.96 2.523.96 3.783s-.323 2.532-.96 3.783c-1.88 3.689-.413 8.206 3.278 10.086z\"\/><\/g><\/svg>\n        \n        \n        \n            <\/div>\n    \n\n\n<\/div>\n<\/div><div class=\"bde-div-27-255 bde-div\">\n  \n  \n\t\n\n\n\n<div class=\"bde-text-27-256 bde-text\">\nPersonalised travel card\n<\/div><div class=\"bde-div-27-257 bde-div\">\n  \n  \n\t\n\n\n\n<div class=\"bde-text-27-258 bde-text\">\nYou can only benefit from discounts with a personalised card.\n<\/div>\n<\/div>\n<\/div>\n<\/div>\n\n<\/a>\n<\/div><div class=\"bde-columns-27-202 bde-columns\"><div class=\"bde-column-27-203 bde-column\">\n  \n  \n\t\n\n\n\n<h3 class=\"bde-heading-27-204 bde-heading\">\nTravel card\n<\/h3><div class=\"bde-text-27-205 bde-text\">\nPublic Travel Card is a contactless public transport card\n<\/div><div class=\"bde-text-27-206 bde-text\">\nYou can load money onto your card, which you can use to buy tickets on all IIL buses; Tallinn, Tartu and other city routes and all county routes around Estonia.\n<\/div><div class=\"bde-text-27-207 bde-text\">\nIf you buy a ticket on an IIL bus with a single card, you get a discount. In most cases, the discount is as much as 25%!\n<\/div><div class=\"bde-text-27-214 bde-text\">\nIf you travel often, you can buy a season ticket for a single card.\n<\/div><div class=\"bde-text-27-215 bde-text\">\nYou can buy a single card at the point of sale for \u20ac3.\n<\/div><h3 class=\"bde-heading-27-208 bde-heading\">\nIdentification\n<\/h3><div class=\"bde-text-27-209 bde-text\">\nYou can link a shared card to your person in the system. \n<\/div><div class=\"bde-text-27-210 bde-text\">\nIf you have personalised your card, you will not lose the money or tickets on it, even if you have lost it. When you buy a new card and link it back to your person, the money and tickets will be transferred to the new card.\n<\/div><div class=\"bde-text-27-216 bde-text\">\nYou can only use the benefits with a personalised joint card. When you become entitled to a new benefit (e.g. when you reach the age of 63), you must re-personalize your card in order for the benefit to be transferred to the joint card.\n<\/div><h3 class=\"bde-heading-27-217 bde-heading\">\nUndisclosed single card\n<\/h3><div class=\"bde-text-27-218 bde-text\">\nA single card does not need to be personalised<br>\n<\/div><div class=\"bde-text-27-219 bde-text\">\nYou can use your non-personalised single card to buy tickets on the bus or as a voucher for a season ticket.\n<\/div><div class=\"bde-text-27-220 bde-text\">\nAn undisclosed single card cannot be used to benefit from personalised discounts.\n<\/div>\n<\/div><div class=\"bde-column-27-211 bde-column\">\n  \n  \n\t\n\n\n\n<img decoding=\"async\" class=\"bde-image2-27-212 bde-image2\" src=\"https:\/\/iil.ee\/wp-content\/uploads\/2025\/05\/Group-1-20-1.png\" loading=\"lazy\" srcset=\"https:\/\/iil.ee\/wp-content\/uploads\/2025\/05\/Group-1-20-1.png 1155w, https:\/\/iil.ee\/wp-content\/uploads\/2025\/05\/Group-1-20-1-300x187.png 300w, https:\/\/iil.ee\/wp-content\/uploads\/2025\/05\/Group-1-20-1-1024x638.png 1024w, https:\/\/iil.ee\/wp-content\/uploads\/2025\/05\/Group-1-20-1-768x479.png 768w\" sizes=\"(max-width: 1155px) 100vw, 1155px\">\n<\/div><\/div><\/div>\n<\/section>","protected":false},"excerpt":{"rendered":"<p>\u00dchiskaart Osta perioodipilet \u00fchiskaardile S\u00f5ida piiramatult 30 p\u00e4eva jooksul Laadi \u00fchiskaardile raha Soodsaima \u00fcksikpileti saad bussist \u00fchiskaardile kantud rahaga \u00dchiskaardi piletiostud Vaata oma kehtivaid pileteid, ostuajalugu ja \u2028\u00fchiskaardi raha j\u00e4\u00e4ki Isikusta \u00fchiskaart Soodustusi saad kasutada ainult\u2028isikustatud kaardiga \u00dchiskaart \u00dchiskaart on kontaktivaba \u00fchistranspordi kaart \u00dchiskaardile saad laadida raha, millega saad osta pileteid k\u00f5ikides IIL-i bussides; Tallinna, [&hellip;]<\/p>\n","protected":false},"author":2,"featured_media":0,"parent":0,"menu_order":0,"comment_status":"closed","ping_status":"closed","template":"","meta":{"_acf_changed":false,"_breakdance_hide_in_design_set":false,"_breakdance_tags":"","footnotes":""},"class_list":["post-27","page","type-page","status-publish","hentry"],"acf":[],"publishpress_future_action":{"enabled":false,"date":"2026-05-09 03:59:10","action":"change-status","newStatus":"draft","terms":[],"taxonomy":"","extraData":[]},"publishpress_future_workflow_manual_trigger":{"enabledWorkflows":[]},"_links":{"self":[{"href":"https:\/\/iil.ee\/en\/wp-json\/wp\/v2\/pages\/27","targetHints":{"allow":["GET"]}}],"collection":[{"href":"https:\/\/iil.ee\/en\/wp-json\/wp\/v2\/pages"}],"about":[{"href":"https:\/\/iil.ee\/en\/wp-json\/wp\/v2\/types\/page"}],"author":[{"embeddable":true,"href":"https:\/\/iil.ee\/en\/wp-json\/wp\/v2\/users\/2"}],"replies":[{"embeddable":true,"href":"https:\/\/iil.ee\/en\/wp-json\/wp\/v2\/comments?post=27"}],"version-history":[{"count":47,"href":"https:\/\/iil.ee\/en\/wp-json\/wp\/v2\/pages\/27\/revisions"}],"predecessor-version":[{"id":2032,"href":"https:\/\/iil.ee\/en\/wp-json\/wp\/v2\/pages\/27\/revisions\/2032"}],"wp:attachment":[{"href":"https:\/\/iil.ee\/en\/wp-json\/wp\/v2\/media?parent=27"}],"curies":[{"name":"wp","href":"https:\/\/api.w.org\/{rel}","templated":true}]}}