{"id":41,"date":"2025-03-19T09:47:38","date_gmt":"2025-03-19T09:47:38","guid":{"rendered":"https:\/\/iil.ee\/?page_id=41"},"modified":"2025-10-30T13:01:19","modified_gmt":"2025-10-30T11:01:19","slug":"contact","status":"publish","type":"page","link":"https:\/\/iil.ee\/en\/kontaktid","title":{"rendered":"Contact Us"},"content":{"rendered":"<div class=\"bde-globalblock-41-100 bde-globalblock\">\n<section class=\"bde-section-483-100-483-1 bde-section bde-section-483-100\">\n  \n  \n\t\n\n\n\n<div class=\"section-container\"><h1 class=\"bde-heading-483-101-483-1 bde-heading bde-heading-483-101\">\nContact Us\n<\/h1><\/div>\n<\/section>\n<\/div><section class=\"bde-section-41-101 bde-section\">\n  \n  \n\t\n\n\n\n<div class=\"section-container\"><h3 class=\"bde-heading-41-102 bde-heading\">\nIIL contacts\n<\/h3><div class=\"bde-div-41-112 bde-div\">\n  \n  \n\t\n\n\n\n<div class=\"bde-div-41-105 bde-div\">\n  \n  \n\t\n\n\n\n<a class=\"bde-container-link-41-119 bde-container-link breakdance-link\" href=\"mailto:info@ytkpohja.ee\" target=\"_self\" data-type=\"url\">\n  \n  \n\t\n\n\n\n<div class=\"bde-icon-41-103 bde-icon\">\n\n    \n            <div class=\"bde-icon-icon breakdance-icon-atom\" >\n    \n                    <svg xmlns=\"http:\/\/www.w3.org\/2000\/svg\" viewbox=\"0 0 512 512\"><!--! Font Awesome Free 6.5.1 by @fontawesome - https:\/\/fontawesome.com License - https:\/\/fontawesome.com\/license\/free (Icons: CC BY 4.0, Fonts: SIL OFL 1.1, Code: MIT License) Copyright 2023 Fonticons, Inc. --><path d=\"M64 112c-8.8 0-16 7.2-16 16v22.1L220.5 291.7c20.7 17 50.4 17 71.1 0L464 150.1V128c0-8.8-7.2-16-16-16H64zM48 212.2V384c0 8.8 7.2 16 16 16H448c8.8 0 16-7.2 16-16V212.2L322 328.8c-38.4 31.5-93.7 31.5-132 0L48 212.2zM0 128C0 92.7 28.7 64 64 64H448c35.3 0 64 28.7 64 64V384c0 35.3-28.7 64-64 64H64c-35.3 0-64-28.7-64-64V128z\"\/><\/svg>\n        \n        \n        \n            <\/div>\n    \n\n\n<\/div><div class=\"bde-text-41-120 bde-text\">\nIIL@IIL.ee\n<\/div>\n\n<\/a>\n<\/div><div class=\"bde-div-41-109 bde-div\">\n  \n  \n\t\n\n\n\n<a class=\"bde-container-link-41-117 bde-container-link breakdance-link\" href=\"tel:+3726406780\" target=\"_self\" data-type=\"contact\">\n  \n  \n\t\n\n\n\n<div class=\"bde-icon-41-110 bde-icon\">\n\n    \n            <div class=\"bde-icon-icon breakdance-icon-atom\" >\n    \n                    <svg xmlns=\"http:\/\/www.w3.org\/2000\/svg\" id=\"icon-phone\" viewbox=\"0 0 32 32\">\n<path d=\"M22 20c-2 2-2 4-4 4s-4-2-6-4-4-4-4-6 2-2 4-4-4-8-6-8-6 6-6 6c0 4 4.109 12.109 8 16s12 8 16 8c0 0 6-4 6-6s-6-8-8-6z\"\/>\n<\/svg>\n        \n        \n        \n            <\/div>\n    \n\n\n<\/div><div class=\"bde-text-41-118 bde-text\">\n+372\u00a0640 6780\n<\/div>\n\n<\/a>\n<\/div>\n<\/div><div class=\"bde-rich-text-41-114 bde-rich-text breakdance-rich-text-styles\">\n<p><strong>We are available Mon-Fri 9:00 - 17:00.<\/strong><br \/>Outside working hours, you can only obtain route information by calling the hotline of the bus company operating the route.<\/p>\n<\/div><div class=\"de-accordion-41-115 de-accordion\" data-acc=\"true\" data-animate=\"smooth\" data-open=\"false\" data-tran=\"300\" data-faq=\"false\" data-close-on-click=\"true\">\n  \n\n<h3 class=\"de-accordion-trigger-heading\">\n  <button id=\"de-accordion-115-1\" class=\"de-accordion-trigger\" type=\"button\" aria-expanded=\"\" aria-controls=\"de-acc-115-1\">\n                      <span class=\"acc-icon\">\n            <svg xmlns=\"http:\/\/www.w3.org\/2000\/svg\" viewbox=\"0 0 448 512\"><!--! Font Awesome Free 6.5.1 by @fontawesome - https:\/\/fontawesome.com License - https:\/\/fontawesome.com\/license\/free (Icons: CC BY 4.0, Fonts: SIL OFL 1.1, Code: MIT License) Copyright 2023 Fonticons, Inc. --><path d=\"M201.4 342.6c12.5 12.5 32.8 12.5 45.3 0l160-160c12.5-12.5 12.5-32.8 0-45.3s-32.8-12.5-45.3 0L224 274.7 86.6 137.4c-12.5-12.5-32.8-12.5-45.3 0s-12.5 32.8 0 45.3l160 160z\"\/><\/svg>\n          <\/span>\n                    \t<span class=\"trigger-text\">Our people<\/span>\n      <\/button>\n<\/h3>\n\n  <div id=\"de-acc-115-1\" class=\"de-accordion-panel\" role=\"region\" aria-labelledby=\"de-accordion-115-1\" style=\"height: 100%\">\n      <p><style>\n  .contact-row {<br \/>\n    display: flex;<br \/>\n    flex-wrap: wrap;<br \/>\n    margin-bottom: 0.75em;<br \/>\n  }<\/p>\n<p>  .contact-name,<br \/>\n  .contact-role,<br \/>\n  .contact-email {<br \/>\n    flex: 1;<br \/>\n    min-width: 120px;<br \/>\n    max-width: 33.33%;<br \/>\n    padding-right: 1em;<br \/>\n    word-break: break-word;<br \/>\n  }<\/p>\n<p>  .contact-name {<br \/>\n    font-weight: bold;<br \/>\n  }<\/p>\n<p>  @media (max-width: 768px) {<br \/>\n    .contact-row {<br \/>\n      flex-direction: column;<br \/>\n    }<br \/>\n    .contact-name,<br \/>\n    .contact-role,<br \/>\n    .contact-email {<br \/>\n      max-width: 100%;<br \/>\n      padding-right: 0;<br \/>\n    }<br \/>\n  }<br \/>\n<\/style><\/p><div class=\"contact-row\"><strong><span class=\"contact-name\">Andrus Nilisk <\/span><\/strong><span class=\"contact-role\">Executive Director <\/span><span class=\"contact-email\"><a href=\"mailto:andrus@IIL.ee\">andrus@iil.ee<\/a><\/span><\/div><div><strong><span class=\"contact-name\">Sirly Miltop <\/span><\/strong><span class=\"contact-role\">Office Manager - Executive Assistant <\/span><span class=\"contact-email\"><a href=\"mailto:sirly@IIL.ee\">sirly@iil.ee<\/a><\/span><\/div><div><strong><span class=\"contact-name\">Kristina Aasa <\/span><\/strong><span class=\"contact-role\">Information Secretary <\/span><span class=\"contact-email\"><a href=\"mailto:kristina@IIL.ee\">kristina@iil.ee<\/a><\/span><\/div><div>\u00a0<\/div><div><strong><span class=\"contact-name\">Jelena Visbek <\/span><\/strong><span class=\"contact-role\">Chief Financial Officer <\/span><span class=\"contact-email\"><a href=\"mailto:jelena@IIL.ee\">jelena@iil.ee<\/a><\/span><\/div><div><strong><span class=\"contact-name\">Diana Kaareste <\/span><\/strong><span class=\"contact-role\">Accountant <\/span><span class=\"contact-email\"><a href=\"mailto:diana@IIL.ee\">diana@iil.ee<\/a><\/span><\/div><div>\u00a0<\/div><div class=\"contact-row\"><span class=\"contact-name\"><strong>Jaana Lil\u00e4nder-Koppel<\/strong> <\/span><span class=\"contact-role\">Head of Development <\/span><span class=\"contact-email\"><a href=\"mailto:jaana@IIL.ee\">jaana@iil.ee<\/a><\/span><\/div><div><strong><span class=\"contact-name\">Ronnie Congo <\/span><\/strong><span class=\"contact-role\">Development Specialist <\/span><span class=\"contact-email\"><a href=\"mailto:ronnie@IIL.ee\">ronnie@iil.ee<\/a><\/span><\/div><div><strong><span class=\"contact-name\">Raido Needrit <\/span><\/strong><span class=\"contact-role\">Development Specialist <\/span><span class=\"contact-email\"><a href=\"mailto:raido@IIL.ee\">raido@iil.ee<\/a><\/span><\/div><div><span class=\"contact-name\"><strong>Mikk R\u00e4li<\/strong> <\/span><span class=\"contact-role\">Development Planner <\/span><span class=\"contact-email\"><a href=\"mailto:mikk@IIL.ee\">mikk@iil.ee<\/a><\/span><\/div><div class=\"contact-row\"><span class=\"contact-name\"><strong>Terje Villemi<\/strong> <\/span><span class=\"contact-role\">Development Consultant <\/span><span class=\"contact-email\"><a href=\"mailto:terje@IIL.ee\">terje@iil.ee<\/a><\/span><\/div><div>\u00a0<\/div><div class=\"contact-row\"><strong><span class=\"contact-name\">Kadri Krooni <\/span><\/strong><span class=\"contact-role\">Head of Passenger Transport Department <\/span><span class=\"contact-email\"><a href=\"mailto:kadri@IIL.ee\">kadri@iil.ee <\/a><\/span><\/div><div class=\"contact-row\"><strong><span class=\"contact-name\">Karina Troshkina <\/span><\/strong><span class=\"contact-role\">Line planner <\/span><span class=\"contact-email\"><span class=\"contact-email\"><a href=\"mailto:karina@IIL.ee\">karina@iil.ee <\/a>\u00a0 \u00a0 \u00a0 \u00a0 \u00a0 Harjumaa westbound<\/span><\/span><\/div><div><strong><span class=\"contact-name\">Katrin Hanko\u00a0<\/span><\/strong><span class=\"contact-role\">Line planner\u00a0<\/span><span class=\"contact-email\"><a href=\"mailto:katrin@IIL.ee\">katrin@iil.ee<\/a>\u00a0 \u00a0 \u00a0 \u00a0 \u00a0 \u00a0 \u00a0 \u00a0 \u00a0Western<\/span><span class=\"contact-email\">-Viru County and Harju County eastwards<\/span><\/div><div><strong><span class=\"contact-name\">Riina Tamm\u00a0<\/span><\/strong><span class=\"contact-role\">Line planner\u00a0<\/span><span class=\"contact-email\"><a href=\"mailto:riina@IIL.ee\">riina@iil.ee<\/a><\/span><span class=\"contact-email\">\u00a0 \u00a0 \u00a0 \u00a0 \u00a0 \u00a0 \u00a0 \u00a0 \u00a0 \u00a0 \u00a0 L\u00e4\u00e4n<\/span><span class=\"contact-email\">emaa and Raplamaa<\/span><\/div><div class=\"contact-row\"><strong><span class=\"contact-name\">Iris Kruusel <\/span><\/strong><span class=\"contact-role\">Line planner <\/span><span class=\"contact-email\"><a href=\"mailto:iris@IIL.ee\">iris@iil.ee<\/a>\u00a0 \u00a0 \u00a0 \u00a0 \u00a0 \u00a0 \u00a0 \u00a0 \u00a0 \u00a0 \u00a0 \u00a0 \u00a0 Harjumaa east 2 and north direction<\/span><\/div><div class=\"contact-row\"><strong><span class=\"contact-name\">Rainer Otstavel <\/span><\/strong><span class=\"contact-role\">Line planner <\/span><span class=\"contact-email\"><a href=\"mailto:rainer@IIL.ee\">rainer@iil.ee<\/a>\u00a0 \u00a0 \u00a0 \u00a0 \u00a0 \u00a0 \u00a0Harjumaa south and southwest<\/span><\/div>\n  <\/div>\n<\/div><h3 id=\"bussifirmad\" class=\"bde-heading-41-121 bde-heading\">\nRidango ticket assistance\n<\/h3><div class=\"bde-text-41-122 bde-text\">\nIf you have questions about public transport tickets, validation, ticketing glitches or payments, you should contact Ticket Assistance. They can also help if you have a problem with an e-ticket, a travel card or a payment terminal.\n<\/div><div class=\"bde-div-41-123 bde-div\">\n  \n  \n\t\n\n\n\n<div class=\"bde-div-41-124 bde-div\">\n  \n  \n\t\n\n\n\n<a class=\"bde-container-link-41-125 bde-container-link breakdance-link\" href=\"mailto:info@pilet.ee\" target=\"_self\" data-type=\"url\">\n  \n  \n\t\n\n\n\n<div class=\"bde-icon-41-126 bde-icon\">\n\n    \n            <div class=\"bde-icon-icon breakdance-icon-atom\" >\n    \n                    <svg xmlns=\"http:\/\/www.w3.org\/2000\/svg\" viewbox=\"0 0 512 512\"><!--! Font Awesome Free 6.5.1 by @fontawesome - https:\/\/fontawesome.com License - https:\/\/fontawesome.com\/license\/free (Icons: CC BY 4.0, Fonts: SIL OFL 1.1, Code: MIT License) Copyright 2023 Fonticons, Inc. --><path d=\"M64 112c-8.8 0-16 7.2-16 16v22.1L220.5 291.7c20.7 17 50.4 17 71.1 0L464 150.1V128c0-8.8-7.2-16-16-16H64zM48 212.2V384c0 8.8 7.2 16 16 16H448c8.8 0 16-7.2 16-16V212.2L322 328.8c-38.4 31.5-93.7 31.5-132 0L48 212.2zM0 128C0 92.7 28.7 64 64 64H448c35.3 0 64 28.7 64 64V384c0 35.3-28.7 64-64 64H64c-35.3 0-64-28.7-64-64V128z\"\/><\/svg>\n        \n        \n        \n            <\/div>\n    \n\n\n<\/div><div class=\"bde-text-41-127 bde-text\">\ninfo@pilet.ee\n<\/div>\n\n<\/a>\n<\/div><div class=\"bde-div-41-128 bde-div\">\n  \n  \n\t\n\n\n\n<a class=\"bde-container-link-41-129 bde-container-link breakdance-link\" href=\"tel:+3726118000\" target=\"_self\" data-type=\"contact\">\n  \n  \n\t\n\n\n\n<div class=\"bde-icon-41-130 bde-icon\">\n\n    \n            <div class=\"bde-icon-icon breakdance-icon-atom\" >\n    \n                    <svg xmlns=\"http:\/\/www.w3.org\/2000\/svg\" id=\"icon-phone\" viewbox=\"0 0 32 32\">\n<path d=\"M22 20c-2 2-2 4-4 4s-4-2-6-4-4-4-4-6 2-2 4-4-4-8-6-8-6 6-6 6c0 4 4.109 12.109 8 16s12 8 16 8c0 0 6-4 6-6s-6-8-8-6z\"\/>\n<\/svg>\n        \n        \n        \n            <\/div>\n    \n\n\n<\/div><div class=\"bde-text-41-131 bde-text\">\n+372\u00a0611 8000\n<\/div>\n\n<\/a>\n<\/div>\n<\/div><a class=\"bde-text-link-41-165 bde-text-link breakdance-link\" href=\"https:\/\/ytkpohja.pilet.ee\/et\/customer-support\/report\" target=\"_self\" data-type=\"url\">\n  Report problems with contactless payments\n\n<\/a><h3 class=\"bde-heading-41-132 bde-heading\">\nBus companies operating the routes\n<\/h3><div class=\"bde-text-41-133 bde-text\">\nBus companies should be contacted if you have a question about the timetable of a particular route, stops, punctuality of buses, forgotten items or quality of service.\n<\/div><div class=\"de-accordion-41-135 de-accordion\" data-acc=\"true\" data-animate=\"smooth\" data-open=\"false\" data-tran=\"300\" data-faq=\"false\" data-close-on-click=\"true\">\n  \n\n<h3 class=\"de-accordion-trigger-heading\">\n  <button id=\"de-accordion-135-1\" class=\"de-accordion-trigger\" type=\"button\" aria-expanded=\"\" aria-controls=\"de-acc-135-1\">\n                      <span class=\"acc-icon\">\n            <svg xmlns=\"http:\/\/www.w3.org\/2000\/svg\" viewbox=\"0 0 448 512\"><!--! Font Awesome Free 6.5.1 by @fontawesome - https:\/\/fontawesome.com License - https:\/\/fontawesome.com\/license\/free (Icons: CC BY 4.0, Fonts: SIL OFL 1.1, Code: MIT License) Copyright 2023 Fonticons, Inc. --><path d=\"M201.4 342.6c12.5 12.5 32.8 12.5 45.3 0l160-160c12.5-12.5 12.5-32.8 0-45.3s-32.8-12.5-45.3 0L224 274.7 86.6 137.4c-12.5-12.5-32.8-12.5-45.3 0s-12.5 32.8 0 45.3l160 160z\"\/><\/svg>\n          <\/span>\n                    \t<span class=\"trigger-text\">Harjumaa<\/span>\n      <\/button>\n<\/h3>\n\n  <div id=\"de-acc-135-1\" class=\"de-accordion-panel\" role=\"region\" aria-labelledby=\"de-accordion-135-1\" style=\"height: 100%\">\n      <p><strong><span style=\"margin-right: 64px;\">Sebe AS \u00a0\u00a0 \u00a0\u00a0 \u00a0\u00a0 \u00a0\u00a0<\/span><\/strong><a href=\"tel:+372\u00a060 22 555\">+372\u00a060 22 555<\/a><br \/>Serving West2, East, East2, North, South West.<\/p><p><strong><span style=\"margin-right: 64px;\">GoBus AS \u00a0\u00a0 \u00a0\u00a0 \u00a0<\/span><\/strong><a href=\"tel:+372\u00a0640 4000\">+372\u00a0640 4000<\/a><br \/>Serving the South<\/p><p><strong><span style=\"margin-right: 64px;\">Hansabuss AS<\/span><\/strong><a href=\"tel: +372\u00a0600 7755\">+372\u00a0600 7755<\/a><br \/>Serving the regions of: west<\/p>\n  <\/div>\n<h3 class=\"de-accordion-trigger-heading\">\n  <button id=\"de-accordion-135-2\" class=\"de-accordion-trigger\" type=\"button\" aria-expanded=\"\" aria-controls=\"de-acc-135-2\">\n                      <span class=\"acc-icon\">\n            <svg xmlns=\"http:\/\/www.w3.org\/2000\/svg\" viewbox=\"0 0 448 512\"><!--! Font Awesome Free 6.5.1 by @fontawesome - https:\/\/fontawesome.com License - https:\/\/fontawesome.com\/license\/free (Icons: CC BY 4.0, Fonts: SIL OFL 1.1, Code: MIT License) Copyright 2023 Fonticons, Inc. --><path d=\"M201.4 342.6c12.5 12.5 32.8 12.5 45.3 0l160-160c12.5-12.5 12.5-32.8 0-45.3s-32.8-12.5-45.3 0L224 274.7 86.6 137.4c-12.5-12.5-32.8-12.5-45.3 0s-12.5 32.8 0 45.3l160 160z\"\/><\/svg>\n          <\/span>\n                    \t<span class=\"trigger-text\">L\u00e4\u00e4nemaa<\/span>\n      <\/button>\n<\/h3>\n\n  <div id=\"de-acc-135-2\" class=\"de-accordion-panel\" role=\"region\" aria-labelledby=\"de-accordion-135-2\" style=\"height: 100%\">\n      <p><strong><span style=\"margin-right: 64px;\">MK Reis-X O\u00dc<\/span><\/strong><a href=\"tel:+372\u00a05556 4006\">+372\u00a05556 4006<\/a><br \/>Serving the areas of Haapsalu city and L\u00e4\u00e4ne-Nigula municipality.<\/p><div id=\"gtx-trans\" style=\"position: absolute; left: 33px; top: 62px;\"><div class=\"gtx-trans-icon\">\u00a0<\/div><\/div>\n  <\/div>\n<h3 class=\"de-accordion-trigger-heading\">\n  <button id=\"de-accordion-135-3\" class=\"de-accordion-trigger\" type=\"button\" aria-expanded=\"\" aria-controls=\"de-acc-135-3\">\n                      <span class=\"acc-icon\">\n            <svg xmlns=\"http:\/\/www.w3.org\/2000\/svg\" viewbox=\"0 0 448 512\"><!--! Font Awesome Free 6.5.1 by @fontawesome - https:\/\/fontawesome.com License - https:\/\/fontawesome.com\/license\/free (Icons: CC BY 4.0, Fonts: SIL OFL 1.1, Code: MIT License) Copyright 2023 Fonticons, Inc. --><path d=\"M201.4 342.6c12.5 12.5 32.8 12.5 45.3 0l160-160c12.5-12.5 12.5-32.8 0-45.3s-32.8-12.5-45.3 0L224 274.7 86.6 137.4c-12.5-12.5-32.8-12.5-45.3 0s-12.5 32.8 0 45.3l160 160z\"\/><\/svg>\n          <\/span>\n                    \t<span class=\"trigger-text\">Raplamaa<\/span>\n      <\/button>\n<\/h3>\n\n  <div id=\"de-acc-135-3\" class=\"de-accordion-panel\" role=\"region\" aria-labelledby=\"de-accordion-135-3\" style=\"height: 100%\">\n      <p><strong><span style=\"margin-right: 64px;\">GoBus AS<\/span><\/strong><a href=\"tel:+372\u00a0640 4000\">+372\u00a0640 4000<\/a><br \/>Serving the regions of Raplamaa<\/p><div id=\"gtx-trans\" style=\"position: absolute; left: 32px; top: 62px;\"><div class=\"gtx-trans-icon\">\u00a0<\/div><\/div>\n  <\/div>\n<h3 class=\"de-accordion-trigger-heading\">\n  <button id=\"de-accordion-135-4\" class=\"de-accordion-trigger\" type=\"button\" aria-expanded=\"\" aria-controls=\"de-acc-135-4\">\n                      <span class=\"acc-icon\">\n            <svg xmlns=\"http:\/\/www.w3.org\/2000\/svg\" viewbox=\"0 0 448 512\"><!--! Font Awesome Free 6.5.1 by @fontawesome - https:\/\/fontawesome.com License - https:\/\/fontawesome.com\/license\/free (Icons: CC BY 4.0, Fonts: SIL OFL 1.1, Code: MIT License) Copyright 2023 Fonticons, Inc. --><path d=\"M201.4 342.6c12.5 12.5 32.8 12.5 45.3 0l160-160c12.5-12.5 12.5-32.8 0-45.3s-32.8-12.5-45.3 0L224 274.7 86.6 137.4c-12.5-12.5-32.8-12.5-45.3 0s-12.5 32.8 0 45.3l160 160z\"\/><\/svg>\n          <\/span>\n                    \t<span class=\"trigger-text\">L\u00e4\u00e4ne-Virumaa<\/span>\n      <\/button>\n<\/h3>\n\n  <div id=\"de-acc-135-4\" class=\"de-accordion-panel\" role=\"region\" aria-labelledby=\"de-accordion-135-4\" style=\"height: 100%\">\n      <p><strong><span style=\"margin-right: 64px;\">Hansabuss AS<\/span><\/strong><a href=\"tel:+372\u00a0600 7755\">+372\u00a0600 7755<\/a><br \/>Serving regions in L\u00e4\u00e4ne-Virumaa.<\/p><div id=\"gtx-trans\" style=\"position: absolute; left: 31px; top: 62px;\"><div class=\"gtx-trans-icon\">\u00a0<\/div><\/div>\n  <\/div>\n<h3 class=\"de-accordion-trigger-heading\">\n  <button id=\"de-accordion-135-5\" class=\"de-accordion-trigger\" type=\"button\" aria-expanded=\"\" aria-controls=\"de-acc-135-5\">\n                      <span class=\"acc-icon\">\n            <svg xmlns=\"http:\/\/www.w3.org\/2000\/svg\" viewbox=\"0 0 448 512\"><!--! Font Awesome Free 6.5.1 by @fontawesome - https:\/\/fontawesome.com License - https:\/\/fontawesome.com\/license\/free (Icons: CC BY 4.0, Fonts: SIL OFL 1.1, Code: MIT License) Copyright 2023 Fonticons, Inc. --><path d=\"M201.4 342.6c12.5 12.5 32.8 12.5 45.3 0l160-160c12.5-12.5 12.5-32.8 0-45.3s-32.8-12.5-45.3 0L224 274.7 86.6 137.4c-12.5-12.5-32.8-12.5-45.3 0s-12.5 32.8 0 45.3l160 160z\"\/><\/svg>\n          <\/span>\n                    \t<span class=\"trigger-text\">Local lines<\/span>\n      <\/button>\n<\/h3>\n\n  <div id=\"de-acc-135-5\" class=\"de-accordion-panel\" role=\"region\" aria-labelledby=\"de-accordion-135-5\" style=\"height: 100%\">\n      <p><strong>Anija parish internal lines Part 1<br \/><\/strong><a href=\"https:\/\/gobus.ee\/\" target=\"_blank\" rel=\"noopener\">GoBus AS<\/a> Tel: <a href=\"tel:+3726404000\">+372 640 4000<\/a><\/p><p><strong>Anija parish internal lines Part 2<br \/><\/strong><a href=\"https:\/\/www.transporditeenused.ee\/\" target=\"_blank\" rel=\"noopener\">Alukvik O\u00dc<\/a> Tel: <a href=\"tel:+3725082087\">+372 5082 087<\/a><br \/><br \/><strong>Special purpose bus routes in Anija municipality Part 3<br \/><\/strong><a href=\"https:\/\/reisija.ee\/\" target=\"_blank\" rel=\"noopener\">Tapa Bus Park O\u00dc<\/a> Tel: <a href=\"tel:+3723220071\">+372 322 0071<\/a><\/p><p><strong>Inner routes of Viimsi parish<br \/><\/strong><a href=\"https:\/\/www.hansaliinid.ee\/kontakt\/\" target=\"_blank\" rel=\"noopener\">Hansabuss AS<\/a> Tel: <a href=\"tel:+3726007755\">+372 600 7755<\/a><\/p><p><strong>Inner routes of Kohila municipality<br \/><\/strong><a href=\"https:\/\/www.hansaliinid.ee\/kontakt\/\" target=\"_blank\" rel=\"noopener\">Hansabuss AS<\/a> Tel: <a href=\"tel:+3726007755\">+372 600 7755<\/a><\/p><p><strong>Inner routes of J\u00f5el\u00e4htme municipality<br \/><\/strong><a href=\"https:\/\/gobus.ee\/\" target=\"_blank\" rel=\"noopener\">GoBus AS<\/a> Tel: <a href=\"tel:+3726404000\">+372 640 4000<\/a><\/p><p><strong>Kose parish internal lines Part 1<br \/><\/strong><a href=\"https:\/\/www.hansaliinid.ee\/kontakt\/\" target=\"_blank\" rel=\"noopener\">Hansabuss AS<\/a> Tel: <a href=\"tel:+3726007755\">+372 600 7755<\/a><\/p><p><strong>Kose parish internal lines Part 2<br \/><\/strong><a href=\"https:\/\/gobus.ee\/\" target=\"_blank\" rel=\"noopener\">GoBus AS<\/a> Tel: <a href=\"tel:+3726404000\">+372 640 4000<\/a><\/p><p><strong>Inner routes of Harku parish<br \/><\/strong><a href=\"https:\/\/www.hansaliinid.ee\/kontakt\/\" target=\"_blank\" rel=\"noopener\">Hansabuss AS<\/a> Tel: <a href=\"tel:+3726007755\">+372 600 7755<\/a><\/p><p><strong>Rae rural municipality internal lines<br \/><\/strong><a href=\"https:\/\/www.hansaliinid.ee\/kontakt\/\" target=\"_blank\" rel=\"noopener\">Hansabuss AS<\/a> Tel: <a href=\"tel:+3726007755\">+372 600 7755<\/a><\/p><p><strong>Routes within the city of Keila<br \/><\/strong><a href=\"https:\/\/www.hansaliinid.ee\/kontakt\/\" target=\"_blank\" rel=\"noopener\">Hansabuss AS<\/a> Tel: <a href=\"tel:+3726007755\">+372 600 7755<\/a><\/p><p><strong>West-Harju rural municipality internal lines Part 1<\/strong> (Laulasmaa, Klooga, Lehola area)<br \/><a href=\"https:\/\/www.hansaliinid.ee\/kontakt\/\" target=\"_blank\" rel=\"noopener\">Hansabuss AS<\/a> Tel: <a href=\"tel:+3726007755\">+372 600 7755<\/a><\/p><p><strong>West-Harju rural municipality internal lines Part 2<\/strong> (Paldiski, Padise, Vasalemma, Harju-Risti region)<br \/><a href=\"https:\/\/www.hansaliinid.ee\/kontakt\/\" target=\"_blank\" rel=\"noopener\">Hansabuss AS<\/a> Tel: <a href=\"tel:+3726007755\">+372 600 7755<\/a><\/p><p><strong>Saue rural municipality internal lines Part 1<br \/><\/strong><a href=\"https:\/\/www.hansaliinid.ee\/kontakt\/\" target=\"_blank\" rel=\"noopener\">Hansabuss AS<\/a> Tel: <a href=\"tel:+3726007755\">+372 600 7755<\/a><\/p><p><strong>Saue rural municipality internal lines Part 2<br \/><\/strong><a href=\"https:\/\/www.hansaliinid.ee\/kontakt\/\" target=\"_blank\" rel=\"noopener\">Hansabuss AS<\/a> Tel: <a href=\"tel:+3726007755\">+372 600 7755<\/a><\/p>\n  <\/div>\n<\/div><\/div>\n<\/section><section class=\"bde-section-41-136 bde-section\">\n  \n  \n\t\n\n\n\n<div class=\"section-container\"><\/div>\n<\/section>","protected":false},"excerpt":{"rendered":"<p>Kontaktid IIL kontaktid IIL@IIL.ee +372\u00a0640 6780 Oleme k\u00e4ttesaadavad E-R 9:00 &#8211; 17:00.V\u00e4ljaspool t\u00f6\u00f6aega on v\u00f5imalik saada liiniinfot ainult vastavat liini teenindava bussifirma\u00a0infotelefonil. Meie inimesed Andrus Nilisk Tegevdirektor andrus@iil.eeSirly Miltop B\u00fcroojuht-juhiabi sirly@iil.eeKristina Aasa Infosekret\u00e4r kristina@iil.ee\u00a0Jelena Visbek Finantsjuht jelena@iil.eeDiana Kaareste Raamatupidaja diana@iil.ee\u00a0Jaana Lil\u00e4nder-Koppel Arendusosakonna juhataja jaana@iil.eeRonnie Kongo Arendusosakonna spetsialist ronnie@iil.eeRaido Needrit Arendusosakonna spetsialist raido@iil.eeMikk R\u00e4li Arendusosakonna planeerija [&hellip;]<\/p>\n","protected":false},"author":2,"featured_media":0,"parent":0,"menu_order":0,"comment_status":"closed","ping_status":"closed","template":"","meta":{"_acf_changed":false,"_breakdance_hide_in_design_set":false,"_breakdance_tags":"","footnotes":""},"class_list":["post-41","page","type-page","status-publish","hentry"],"acf":[],"publishpress_future_action":{"enabled":false,"date":"2026-05-09 03:59:00","action":"change-status","newStatus":"draft","terms":[],"taxonomy":"","extraData":[]},"publishpress_future_workflow_manual_trigger":{"enabledWorkflows":[]},"_links":{"self":[{"href":"https:\/\/iil.ee\/en\/wp-json\/wp\/v2\/pages\/41","targetHints":{"allow":["GET"]}}],"collection":[{"href":"https:\/\/iil.ee\/en\/wp-json\/wp\/v2\/pages"}],"about":[{"href":"https:\/\/iil.ee\/en\/wp-json\/wp\/v2\/types\/page"}],"author":[{"embeddable":true,"href":"https:\/\/iil.ee\/en\/wp-json\/wp\/v2\/users\/2"}],"replies":[{"embeddable":true,"href":"https:\/\/iil.ee\/en\/wp-json\/wp\/v2\/comments?post=41"}],"version-history":[{"count":72,"href":"https:\/\/iil.ee\/en\/wp-json\/wp\/v2\/pages\/41\/revisions"}],"predecessor-version":[{"id":3478,"href":"https:\/\/iil.ee\/en\/wp-json\/wp\/v2\/pages\/41\/revisions\/3478"}],"wp:attachment":[{"href":"https:\/\/iil.ee\/en\/wp-json\/wp\/v2\/media?parent=41"}],"curies":[{"name":"wp","href":"https:\/\/api.w.org\/{rel}","templated":true}]}}