{"id":45,"date":"2025-03-19T09:48:13","date_gmt":"2025-03-19T09:48:13","guid":{"rendered":"https:\/\/iil.ee\/?page_id=45"},"modified":"2026-04-01T16:39:56","modified_gmt":"2026-04-01T13:39:56","slug":"about-us","status":"publish","type":"page","link":"https:\/\/iil.ee\/en\/meist","title":{"rendered":"About us"},"content":{"rendered":"<div class=\"bde-globalblock-45-100 bde-globalblock\">\n<section class=\"bde-section-483-100-483-1 bde-section bde-section-483-100\">\n  \n  \n\t\n\n\n\n<div class=\"section-container\"><h1 class=\"bde-heading-483-101-483-1 bde-heading bde-heading-483-101\">\nAbout us\n<\/h1><\/div>\n<\/section>\n<\/div><section class=\"bde-section-45-101 bde-section\">\n  \n  \n\t\n\n\n\n<div class=\"section-container\"><h3 class=\"bde-heading-45-102 bde-heading\">\nWe are IIL \n<\/h3><div class=\"bde-rich-text-45-104 bde-rich-text breakdance-rich-text-styles\">\n<p><span class=\"TextRun SCXW218931947 BCX0\" lang=\"ET-EE\" xml:lang=\"ET-EE\" data-contrast=\"auto\"><span class=\"NormalTextRun SpellingErrorV2Themed SCXW218931947 BCX0\">IILi<\/span><span class=\"NormalTextRun SCXW218931947 BCX0\"> The company has over 20 years.<\/span><\/span><span class=\"LineBreakBlob BlobObject DragDrop SCXW218931947 BCX0\"><span class=\"SCXW218931947 BCX0\">\u00a0<\/span><br class=\"SCXW218931947 BCX0\" \/><\/span><span class=\"TextRun SCXW218931947 BCX0\" lang=\"ET-EE\" xml:lang=\"ET-EE\" data-contrast=\"auto\"><span class=\"NormalTextRun SCXW218931947 BCX0\">We have a history. We have the knowledge. <\/span><span class=\"NormalTextRun SCXW218931947 BCX0\">M<\/span><span class=\"NormalTextRun SCXW218931947 BCX0\">you have a desire to constantly evolve.<\/span><\/span><span class=\"LineBreakBlob BlobObject DragDrop SCXW218931947 BCX0\"><span class=\"SCXW218931947 BCX0\">\u00a0<br \/><\/span><\/span><strong><span class=\"TextRun SCXW218931947 BCX0\" lang=\"ET-EE\" xml:lang=\"ET-EE\" data-contrast=\"auto\"><span class=\"NormalTextRun SCXW218931947 BCX0\">IIL creates and maintains connections.<\/span><\/span><span class=\"EOP SCXW218931947 BCX0\" data-ccp-props=\"{}\">\u00a0<\/span><\/strong><\/p>\n<\/div><h3 class=\"bde-heading-45-105 bde-heading\">\nOur values \n<\/h3><div class=\"bde-rich-text-45-106 bde-rich-text breakdance-rich-text-styles\">\n<p><span data-contrast=\"auto\">At the heart of IIL's work are four values:<\/span><span data-ccp-props=\"{}\">\u00a0<\/span><\/p><p><b><span data-contrast=\"auto\">Convenience<\/span><\/b><span data-contrast=\"auto\"> - mobility is part of your day and we want you to feel comfortable on the bus.<\/span><\/p><p><b><span data-contrast=\"auto\">Accuracy<\/span><\/b><span data-contrast=\"auto\"> - working to keep routes on schedule and information available in real time.<\/span><\/p><p><b><span data-contrast=\"auto\">Security<\/span><\/b><span data-contrast=\"auto\"> Our drivers are trained, buses are equipped with seatbelts, STOP buttons, and video surveillance. We cooperate with schools and are training the new generation of public transport users in the form of young passengers.<\/span><\/p><p><b><span data-contrast=\"auto\">Environmental friendliness<\/span><\/b><span data-contrast=\"auto\"> - We plan smart, reduce empty journeys and increasingly use economical vehicles.<\/span><span data-ccp-props=\"{}\">\u00a0<\/span><\/p>\n<\/div><h3 class=\"bde-heading-45-109 bde-heading\">\nWho are we? \n<\/h3><div class=\"bde-rich-text-45-110 bde-rich-text breakdance-rich-text-styles\">\n<p><span class=\"TextRun SCXW203793094 BCX0\" lang=\"ET-EE\" xml:lang=\"ET-EE\" data-contrast=\"auto\"><span class=\"NormalTextRun SpellingErrorV2Themed SCXW203793094 BCX0\">IILis<\/span><span class=\"NormalTextRun SCXW203793094 BCX0\"> working people,<\/span> <span class=\"NormalTextRun SCXW203793094 BCX0\">who think every day about how <\/span><span class=\"NormalTextRun SCXW203793094 BCX0\">building connections in a context of limited resources.<\/span> <span class=\"NormalTextRun SCXW203793094 BCX0\">Our route planners and specialists know their area and find solutions that suit the needs of small villages and peri-urban settlements. We create connections that help keep life in the countryside and reduce congestion in denser areas.<\/span><\/span><span class=\"EOP SCXW203793094 BCX0\" data-ccp-props=\"{}\">\u00a0<\/span><\/p>\n<\/div><h3 class=\"bde-heading-45-111 bde-heading\">\nWhere do we go from here? \n<\/h3><div class=\"bde-rich-text-45-112 bde-rich-text breakdance-rich-text-styles\">\n<p><span class=\"TextRun SCXW123007028 BCX0\" lang=\"ET-EE\" xml:lang=\"ET-EE\" data-contrast=\"auto\"><span class=\"NormalTextRun SCXW123007028 BCX0\">IIL is a metaphor for movement, lightness and speed. That's what we want to be as a service provider - fast, convenient and people-friendly.<\/span><\/span><span class=\"LineBreakBlob BlobObject DragDrop SCXW123007028 BCX0\"><span class=\"SCXW123007028 BCX0\">\u00a0<\/span><br class=\"SCXW123007028 BCX0\" \/><\/span><span class=\"TextRun SCXW123007028 BCX0\" lang=\"ET-EE\" xml:lang=\"ET-EE\" data-contrast=\"auto\"><span class=\"NormalTextRun SCXW123007028 BCX0\">We are working to make information more accessible, connections more logical and the driving experience more pleasant.<\/span><\/span><\/p>\n<\/div><\/div>\n<\/section>","protected":false},"excerpt":{"rendered":"<p>Meist Meie oleme IIL IILi taga on \u00fcle 20 aasta kogemust ja p\u00fchendumust. Meie teekond algas 2005. aastal Harjumaal maakonna liinide haldamisega. Aastal 2018 kasvas meie piirkond veelgi \u2013 loome \u00fchendusi ka Rapla-, L\u00e4\u00e4ne- ja L\u00e4\u00e4ne-Viru maakondades.\u00a0Meil on ajalugu. Meil on teadmised. Meil on soov pidevalt areneda.\u00a0IIL loob ja hoiab \u00fchendusi.\u00a0 Meie v\u00e4\u00e4rtused IILi t\u00f6\u00f6 [&hellip;]<\/p>\n","protected":false},"author":2,"featured_media":0,"parent":0,"menu_order":0,"comment_status":"closed","ping_status":"closed","template":"","meta":{"_acf_changed":false,"_breakdance_hide_in_design_set":false,"_breakdance_tags":"","footnotes":""},"class_list":["post-45","page","type-page","status-publish","hentry"],"acf":[],"publishpress_future_action":{"enabled":false,"date":"2026-05-11 12:59:18","action":"change-status","newStatus":"draft","terms":[],"taxonomy":"","extraData":[]},"publishpress_future_workflow_manual_trigger":{"enabledWorkflows":[]},"_links":{"self":[{"href":"https:\/\/iil.ee\/en\/wp-json\/wp\/v2\/pages\/45","targetHints":{"allow":["GET"]}}],"collection":[{"href":"https:\/\/iil.ee\/en\/wp-json\/wp\/v2\/pages"}],"about":[{"href":"https:\/\/iil.ee\/en\/wp-json\/wp\/v2\/types\/page"}],"author":[{"embeddable":true,"href":"https:\/\/iil.ee\/en\/wp-json\/wp\/v2\/users\/2"}],"replies":[{"embeddable":true,"href":"https:\/\/iil.ee\/en\/wp-json\/wp\/v2\/comments?post=45"}],"version-history":[{"count":6,"href":"https:\/\/iil.ee\/en\/wp-json\/wp\/v2\/pages\/45\/revisions"}],"predecessor-version":[{"id":4847,"href":"https:\/\/iil.ee\/en\/wp-json\/wp\/v2\/pages\/45\/revisions\/4847"}],"wp:attachment":[{"href":"https:\/\/iil.ee\/en\/wp-json\/wp\/v2\/media?parent=45"}],"curies":[{"name":"wp","href":"https:\/\/api.w.org\/{rel}","templated":true}]}}