{"id":47,"date":"2025-03-19T09:48:26","date_gmt":"2025-03-19T09:48:26","guid":{"rendered":"https:\/\/iil.ee\/?page_id=47"},"modified":"2025-06-12T11:15:29","modified_gmt":"2025-06-12T08:15:29","slug":"partners","status":"publish","type":"page","link":"https:\/\/iil.ee\/en\/partnerid","title":{"rendered":"Partners"},"content":{"rendered":"<div class=\"bde-globalblock-47-100 bde-globalblock\">\n<section class=\"bde-section-483-100-483-1 bde-section bde-section-483-100\">\n  \n  \n\t\n\n\n\n<div class=\"section-container\"><h1 class=\"bde-heading-483-101-483-1 bde-heading bde-heading-483-101\">\nPartners\n<\/h1><\/div>\n<\/section>\n<\/div><section class=\"bde-section-47-101 bde-section\">\n  \n  \n\t\n\n\n\n<div class=\"section-container\"><div class=\"bde-rich-text-47-102 bde-rich-text breakdance-rich-text-styles\">\n<div id=\"content\" class=\"main-content__container with-background-img\"><div id=\"main-content\" class=\"columns-1\" role=\"main\"><div class=\"portlet-layout row border\"><div id=\"column-1\" class=\"portlet-column portlet-column-first layout-full\"><div id=\"layout-column_column-1\" class=\"portlet-dropzone portlet-column-content portlet-column-content-only\"><div id=\"p_p_id_56_INSTANCE_ZTF3qiZGgAD7_\" class=\"portlet-boundary portlet-boundary_56_ portlet-static portlet-static-end portlet-journal-content\"><div class=\"portlet-body\"><section id=\"portlet_56_INSTANCE_ZTF3qiZGgAD7\" class=\"portlet\"><div class=\"portlet-content\"><div class=\"portlet-content-container\"><div class=\"portlet-body\"><div class=\"journal-content-article\"><ul><li><a href=\"https:\/\/www.mkm.ee\/et\">Ministry of Economic Affairs and Communications<\/a><br \/><br \/><\/li><li><a href=\"https:\/\/www.transpordiamet.ee\/\">Transport Agency<\/a><br \/><br \/><\/li><li><a href=\"https:\/\/www.tallinn.ee\/et\/tallinna-transpordiamet\" target=\"_top\">Tallinn Transport Department<\/a><br \/><br \/><\/li><li><a href=\"http:\/\/jytk.ee\/\">J\u00e4rvamaa Public Transport Centre MT\u00dc<\/a><br \/><br \/><\/li><li><a href=\"http:\/\/pytk.ee\/\">P\u00e4rnumaa \u00dchistranspordikeskus MT\u00dc<\/a><br \/><br \/><\/li><li><a href=\"https:\/\/www.ivytk.ee\/\" target=\"_blank\" rel=\"noopener\">Ida-Viru Public Transport Centre<\/a><br \/><br \/><\/li><li><a href=\"https:\/\/uhistransport.ee\/\" target=\"_blank\" rel=\"noopener\">J\u00f5gevamaa Public Transport Centre<\/a><br \/><br \/><\/li><li><a href=\"https:\/\/kagu.ytk.ee\/\" target=\"_blank\" rel=\"noopener\">Southeast Public Transport Centre<\/a><br \/><br \/><\/li><li><a href=\"http:\/\/transport.tartumaa.ee\/\" target=\"_blank\" rel=\"noopener\">Tartu County Public Transport Centre<\/a><br \/><br \/><\/li><li><a href=\"https:\/\/transport.valgamaa.ee\/\" target=\"_blank\" rel=\"noopener\">Valgamaa Public Transport Centre<\/a><br \/><br \/><\/li><li><a href=\"https:\/\/transport.viljandimaa.ee\/\" target=\"_blank\" rel=\"noopener\">Viljandimaa Public Transport Centre<\/a><br \/><br \/><\/li><li><a href=\"https:\/\/www.saaremaavald.ee\/uhistransport\" target=\"_blank\" rel=\"noopener\">Saaremaa parish<\/a><br \/><br \/><\/li><li><a href=\"https:\/\/vald.hiiumaa.ee\/transpordi-uudised\" target=\"_blank\" rel=\"noopener\">Hiiumaa municipality<\/a><br \/><br \/><\/li><li><a href=\"https:\/\/www.hol.ee\/\" target=\"_blank\" rel=\"noopener\">Harjumaa Association of Local Governments<\/a><br \/><br \/><\/li><li><a href=\"https:\/\/www.virol.ee\/\" target=\"_blank\" rel=\"noopener\">L\u00e4\u00e4ne-Viru Union of Local Governments<\/a><br \/><br \/><\/li><li><a href=\"https:\/\/rol.raplamaa.ee\/\" target=\"_blank\" rel=\"noopener\">Raplamaa Association of Local Governments<\/a><br \/><br \/><\/li><li><a href=\"https:\/\/laanemaa.ee\/sihtasutus-laanemaa\/\" target=\"_blank\" rel=\"noopener\">L\u00e4\u00e4nemaa SA<\/a><br \/><br \/><\/li><li><a href=\"http:\/\/www.ridango.com\/\" target=\"_blank\" rel=\"noopener\">Ridango AS<\/a><br \/><br \/><\/li><li><a href=\"http:\/\/www.holdfast.ee\/\" target=\"_blank\" rel=\"noopener\">Holdfast O\u00dc<\/a><br \/><br \/><\/li><li><a href=\"http:\/\/www.roadservice.ee\/\" target=\"_blank\" rel=\"noopener\">Roadservice O\u00dc<\/a><br \/><br \/><\/li><li><a href=\"http:\/\/www.heak.ee\/\" target=\"_blank\" rel=\"noopener\">Harju Centre for Entrepreneurship and Development SA<\/a><br \/><br \/><\/li><li><a href=\"http:\/\/www.autoettevoteteliit.ee\/\" target=\"_blank\" rel=\"noopener\">Automobile Manufacturers Association<\/a><br \/><br \/><\/li><li><a href=\"http:\/\/www.etta.ee\/\" target=\"_blank\" rel=\"noopener\">Transport Trade Union<\/a><br \/><br \/><\/li><li><a href=\"http:\/\/www.ti.ee\/\" target=\"_blank\" rel=\"noopener\">Labour Inspectorate<\/a><br \/><br \/><\/li><li><a href=\"https:\/\/elron.ee\/\" target=\"_blank\" rel=\"noopener\">Elron<\/a><br \/><br \/><\/li><li><a href=\"https:\/\/hepa.ee\/\" target=\"_blank\" rel=\"noopener\">Hepa<\/a>\u00a0- Rapla bus station operator<br \/><br \/><\/li><li><a href=\"https:\/\/www.tpilet.ee\/\" target=\"_blank\" rel=\"noopener\">Tpilet<\/a>\u00a0- Rakvere bus station operator<br \/><br \/><\/li><li><a href=\"https:\/\/www.tktk.ee\/\" target=\"_blank\" rel=\"noopener\">Tallinn University of Applied Sciences<\/a><\/li><\/ul><\/div><div class=\"entry-links\">\u00a0<\/div><\/div><\/div><\/div><\/section><\/div><\/div><\/div><\/div><\/div><\/div><form id=\"hrefFm\" action=\"https:\/\/www.ytkpohja.ee\/koostoopartnerid#\" method=\"post\" name=\"hrefFm\"><\/form><\/div><footer id=\"footer\" class=\"footer\" role=\"contentinfo\"><div class=\"footer-class\"><div id=\"p_p_id_footercontacts_WAR_kovtpfootercontactsportlet_INSTANCE_Kg0K_\" class=\"portlet-boundary portlet-boundary_footercontacts_WAR_kovtpfootercontactsportlet_ portlet-static portlet-static-end portlet-borderless contacts-portlet\"><span id=\"p_footercontacts_WAR_kovtpfootercontactsportlet_INSTANCE_Kg0K\"><\/span><div class=\"portlet-body\"><div class=\"portlet-borderless-container\"><div class=\"portlet-body\"><div class=\"footer-container\"><div class=\"footer-contact\">\u00a0<\/div><\/div><\/div><\/div><\/div><\/div><\/div><\/footer>\n<\/div><\/div>\n<\/section>","protected":false},"excerpt":{"rendered":"<p>Partnerid Majandus- ja KommunikatsiooniministeeriumTranspordiametTallinna TranspordiametJ\u00e4rvamaa \u00dchistranspordi Keskus MT\u00dcP\u00e4rnumaa \u00dchistranspordikeskus MT\u00dcIda-Viru \u00dchistranspordikeskusJ\u00f5gevamaa \u00dchistranspordikeskusKagu \u00dchistranspordikeskusTartumaa \u00dchistranspordikeskusValgamaa \u00dchistranspordikeskusViljandimaa \u00dchistranspordikeskusSaaremaa valdHiiumaa valdHarjumaa Omavalitsuste LiitL\u00e4\u00e4ne-Viru Omavalitsuste LiitRaplamaa Omavalitsuste LiitL\u00e4\u00e4nemaa SARidango ASHoldfast O\u00dcRoadservice O\u00dcHarju Ettev\u00f5tlus- ja Arenduskeskus SAAutoettev\u00f5tete LiitTranspordi Ameti\u00fchingT\u00f6\u00f6inspektsioonElronHepa\u00a0&#8211; Rapla bussijaama operaatorTpilet\u00a0&#8211;\u00a0 Rakvere bussijaama operaatorTallinna Tehnikak\u00f5rgkkool\u00a0\u00a0<\/p>","protected":false},"author":2,"featured_media":0,"parent":0,"menu_order":0,"comment_status":"closed","ping_status":"closed","template":"","meta":{"_acf_changed":false,"_breakdance_hide_in_design_set":false,"_breakdance_tags":"","footnotes":""},"class_list":["post-47","page","type-page","status-publish","hentry"],"acf":[],"publishpress_future_action":{"enabled":false,"date":"2026-05-09 03:59:12","action":"change-status","newStatus":"draft","terms":[],"taxonomy":"","extraData":[]},"publishpress_future_workflow_manual_trigger":{"enabledWorkflows":[]},"_links":{"self":[{"href":"https:\/\/iil.ee\/en\/wp-json\/wp\/v2\/pages\/47","targetHints":{"allow":["GET"]}}],"collection":[{"href":"https:\/\/iil.ee\/en\/wp-json\/wp\/v2\/pages"}],"about":[{"href":"https:\/\/iil.ee\/en\/wp-json\/wp\/v2\/types\/page"}],"author":[{"embeddable":true,"href":"https:\/\/iil.ee\/en\/wp-json\/wp\/v2\/users\/2"}],"replies":[{"embeddable":true,"href":"https:\/\/iil.ee\/en\/wp-json\/wp\/v2\/comments?post=47"}],"version-history":[{"count":3,"href":"https:\/\/iil.ee\/en\/wp-json\/wp\/v2\/pages\/47\/revisions"}],"predecessor-version":[{"id":2035,"href":"https:\/\/iil.ee\/en\/wp-json\/wp\/v2\/pages\/47\/revisions\/2035"}],"wp:attachment":[{"href":"https:\/\/iil.ee\/en\/wp-json\/wp\/v2\/media?parent=47"}],"curies":[{"name":"wp","href":"https:\/\/api.w.org\/{rel}","templated":true}]}}