{"id":53,"date":"2025-03-19T09:49:02","date_gmt":"2025-03-19T09:49:02","guid":{"rendered":"https:\/\/iil.ee\/?page_id=53"},"modified":"2025-06-09T17:53:57","modified_gmt":"2025-06-09T14:53:57","slug":"taxi-services","status":"publish","type":"page","link":"https:\/\/iil.ee\/en\/taksoload","title":{"rendered":"Taxi licences"},"content":{"rendered":"<div class=\"bde-globalblock-53-100 bde-globalblock\">\n<section class=\"bde-section-483-100-483-1 bde-section bde-section-483-100\">\n  \n  \n\t\n\n\n\n<div class=\"section-container\"><h1 class=\"bde-heading-483-101-483-1 bde-heading bde-heading-483-101\">\nTaxi licences\n<\/h1><\/div>\n<\/section>\n<\/div><section class=\"bde-section-53-101 bde-section\">\n  \n  \n\t\n\n\n\n<div class=\"section-container\"><div class=\"bde-rich-text-53-102 bde-rich-text breakdance-rich-text-styles\">\n<p>The following municipalities have subdelegated the issuing of taxi documents to the North-Estonian Public Transport Centre:<\/p><p><strong>Harku municipality, J\u00f5el\u00e4htme municipality, Keila town, Kiili municipality, L\u00e4\u00e4ne-Harju municipality, Kohila municipality, Kose municipality, Saku municipality, Saue municipality, Rae municipality, Rapla municipality.<\/strong><\/p><p><a href=\"https:\/\/www.riigiteataja.ee\/akt\/104072017104?leiaKehtiv\" target=\"_blank\" rel=\"noopener\">Read the Public Transport Act<\/a><\/p>\n<\/div><div class=\"de-accordion-53-105 de-accordion\" data-acc=\"true\" data-animate=\"smooth\" data-open=\"false\" data-tran=\"300\" data-faq=\"false\" data-close-on-click=\"true\">\n  \n\n<h3 class=\"de-accordion-trigger-heading\">\n  <button id=\"de-accordion-105-1\" class=\"de-accordion-trigger\" type=\"button\" aria-expanded=\"\" aria-controls=\"de-acc-105-1\">\n                      <span class=\"acc-icon\">\n            <svg xmlns=\"http:\/\/www.w3.org\/2000\/svg\" viewbox=\"0 0 448 512\"><!--! Font Awesome Free 6.5.1 by @fontawesome - https:\/\/fontawesome.com License - https:\/\/fontawesome.com\/license\/free (Icons: CC BY 4.0, Fonts: SIL OFL 1.1, Code: MIT License) Copyright 2023 Fonticons, Inc. --><path d=\"M201.4 342.6c12.5 12.5 32.8 12.5 45.3 0l160-160c12.5-12.5 12.5-32.8 0-45.3s-32.8-12.5-45.3 0L224 274.7 86.6 137.4c-12.5-12.5-32.8-12.5-45.3 0s-12.5 32.8 0 45.3l160 160z\"\/><\/svg>\n          <\/span>\n                    \t<span class=\"trigger-text\">Applying for a taxi licence<\/span>\n      <\/button>\n<\/h3>\n\n  <div id=\"de-acc-105-1\" class=\"de-accordion-panel\" role=\"region\" aria-labelledby=\"de-accordion-105-1\" style=\"height: 100%\">\n      <ul><li>Submit an application through\u00a0<a href=\"https:\/\/mtr.ttja.ee\/\" target=\"_blank\" rel=\"noopener\">From MTR<\/a><\/li><li><a href=\"https:\/\/iil.ee\/wp-content\/uploads\/2025\/05\/Taksoveoloa-avaldus-2019.docx\" target=\"_blank\" rel=\"noopener\">Fill in the application for a taxi licence\u00a0<\/a><\/li><li>Send a digitally signed application by e-mail to. <a href=\"mailto:takso@iil.ee\">takso@IIL.ee<\/a><\/li><\/ul>\n  <\/div>\n<h3 class=\"de-accordion-trigger-heading\">\n  <button id=\"de-accordion-105-2\" class=\"de-accordion-trigger\" type=\"button\" aria-expanded=\"\" aria-controls=\"de-acc-105-2\">\n                      <span class=\"acc-icon\">\n            <svg xmlns=\"http:\/\/www.w3.org\/2000\/svg\" viewbox=\"0 0 448 512\"><!--! Font Awesome Free 6.5.1 by @fontawesome - https:\/\/fontawesome.com License - https:\/\/fontawesome.com\/license\/free (Icons: CC BY 4.0, Fonts: SIL OFL 1.1, Code: MIT License) Copyright 2023 Fonticons, Inc. --><path d=\"M201.4 342.6c12.5 12.5 32.8 12.5 45.3 0l160-160c12.5-12.5 12.5-32.8 0-45.3s-32.8-12.5-45.3 0L224 274.7 86.6 137.4c-12.5-12.5-32.8-12.5-45.3 0s-12.5 32.8 0 45.3l160 160z\"\/><\/svg>\n          <\/span>\n                    \t<span class=\"trigger-text\">Applying for a driving card<\/span>\n      <\/button>\n<\/h3>\n\n  <div id=\"de-acc-105-2\" class=\"de-accordion-panel\" role=\"region\" aria-labelledby=\"de-accordion-105-2\" style=\"height: 100%\">\n      <p>You can obtain a vehicle card on the basis of a taxi licence or a service card.<\/p><ul><li>Submit an application through\u00a0<a href=\"https:\/\/mtr.ttja.ee\/\" target=\"_blank\" rel=\"noopener\">From MTR<\/a><\/li><li><p>Fill in the application form for a vehicle card:<\/p><p><a href=\"https:\/\/iil.ee\/wp-content\/uploads\/2025\/05\/Taksoveoloa-alusel-soidukikaardi-avaldus-2019.docx\" target=\"_blank\" rel=\"noopener\">Application for a vehicle card based on a taxi licence\u00a0<\/a><\/p><p><a href=\"https:\/\/iil.ee\/wp-content\/uploads\/2025\/05\/Teenindajakaardi-alusel-soidukikaardi-avaldus-2019.docx\" target=\"_blank\" rel=\"noopener\">Application for a driver card based on a service card<\/a><\/p><\/li><\/ul><ul><li>Send a digitally signed application by e-mail to.\u00a0<a href=\"mailto:takso@IIL.ee\">takso@IIL.ee<\/a><\/li><\/ul>\n  <\/div>\n<h3 class=\"de-accordion-trigger-heading\">\n  <button id=\"de-accordion-105-3\" class=\"de-accordion-trigger\" type=\"button\" aria-expanded=\"\" aria-controls=\"de-acc-105-3\">\n                      <span class=\"acc-icon\">\n            <svg xmlns=\"http:\/\/www.w3.org\/2000\/svg\" viewbox=\"0 0 448 512\"><!--! Font Awesome Free 6.5.1 by @fontawesome - https:\/\/fontawesome.com License - https:\/\/fontawesome.com\/license\/free (Icons: CC BY 4.0, Fonts: SIL OFL 1.1, Code: MIT License) Copyright 2023 Fonticons, Inc. --><path d=\"M201.4 342.6c12.5 12.5 32.8 12.5 45.3 0l160-160c12.5-12.5 12.5-32.8 0-45.3s-32.8-12.5-45.3 0L224 274.7 86.6 137.4c-12.5-12.5-32.8-12.5-45.3 0s-12.5 32.8 0 45.3l160 160z\"\/><\/svg>\n          <\/span>\n                    \t<span class=\"trigger-text\">Applying for a service provider card<\/span>\n      <\/button>\n<\/h3>\n\n  <div id=\"de-acc-105-3\" class=\"de-accordion-panel\" role=\"region\" aria-labelledby=\"de-accordion-105-3\" style=\"height: 100%\">\n      <ul><li>Submit an application through\u00a0<a href=\"https:\/\/mtr.ttja.ee\/\" target=\"_blank\" rel=\"noopener\">From MTR\u00a0<\/a><\/li><li><a href=\"https:\/\/iil.ee\/wp-content\/uploads\/2025\/05\/Teenindajakaardi-avaldus-2019.docx\" target=\"_blank\" rel=\"noopener\">Fill in the application for a service card<\/a><\/li><li>Send a digitally signed application by e-mail to.\u00a0<a href=\"mailto:takso@IIL.ee\">takso@IIL.ee<\/a><\/li><\/ul>\n  <\/div>\n<\/div><div class=\"bde-rich-text-53-107 bde-rich-text breakdance-rich-text-styles\">\n<p><strong>Attention!<\/strong><\/p><p>Fees for issuing taxi permits, vehicle cards and service cards are paid to the account of MT\u00dc P\u00f5hja-Eesti \u00dchistranspordikeskus. An invoice for the payment of the service fee will be sent to the applicant's e-mail address after the application has been submitted!<\/p><p>For more information, please send an e-mail to <a href=\"mailto:takso@IIL.ee\">takso@IIL.ee<\/a><strong><br \/><br \/><\/strong><a href=\"https:\/\/iil.ee\/wp-content\/uploads\/2025\/05\/21_Teenustasude-ja-taotluse-vormide-kinnitamine-taksoveol.pdf\" target=\"_blank\" rel=\"noopener\">By order No 21 of the Executive Director of Harjumaa \u00dchistranspordikeskuse MT\u00dc, the forms of service fees and applications for taxi transport have been approved.<\/a><strong><br \/><\/strong><\/p>\n<\/div><\/div>\n<\/section>","protected":false},"excerpt":{"rendered":"<p>Taksoload P\u00f5hja-Eesti \u00dchistranspordikeskusele on taksoveo dokumentide v\u00e4ljaandmise edasi volitanud j\u00e4rgmised omavalitsused:Harku vald, J\u00f5el\u00e4htme vald, Keila linn, Kiili vald, L\u00e4\u00e4ne-Harju vald, Kohila vald, Kose vald, Saku vald, Saue vald, Rae vald, Rapla vald.Tutvu \u00fchistranspordiseadusega Taksoveoloa taotlemine Esita taotlus l\u00e4bi\u00a0MTR-iT\u00e4ida taksoveoloa taotlemise avaldus\u00a0Saada digitaalselt allkirjastatud avaldus e-kirjaga takso@IIL.ee S\u00f5idukikaardi taotlemine S\u00f5idukikaarti saab taodelda nii taksoveoloa kui teenindajakaardi [&hellip;]<\/p>\n","protected":false},"author":2,"featured_media":0,"parent":0,"menu_order":0,"comment_status":"closed","ping_status":"closed","template":"","meta":{"_acf_changed":false,"_breakdance_hide_in_design_set":false,"_breakdance_tags":"","footnotes":""},"class_list":["post-53","page","type-page","status-publish","hentry"],"acf":[],"publishpress_future_action":{"enabled":false,"date":"2026-05-09 03:59:00","action":"change-status","newStatus":"draft","terms":[],"taxonomy":"","extraData":[]},"publishpress_future_workflow_manual_trigger":{"enabledWorkflows":[]},"_links":{"self":[{"href":"https:\/\/iil.ee\/en\/wp-json\/wp\/v2\/pages\/53","targetHints":{"allow":["GET"]}}],"collection":[{"href":"https:\/\/iil.ee\/en\/wp-json\/wp\/v2\/pages"}],"about":[{"href":"https:\/\/iil.ee\/en\/wp-json\/wp\/v2\/types\/page"}],"author":[{"embeddable":true,"href":"https:\/\/iil.ee\/en\/wp-json\/wp\/v2\/users\/2"}],"replies":[{"embeddable":true,"href":"https:\/\/iil.ee\/en\/wp-json\/wp\/v2\/comments?post=53"}],"version-history":[{"count":13,"href":"https:\/\/iil.ee\/en\/wp-json\/wp\/v2\/pages\/53\/revisions"}],"predecessor-version":[{"id":1928,"href":"https:\/\/iil.ee\/en\/wp-json\/wp\/v2\/pages\/53\/revisions\/1928"}],"wp:attachment":[{"href":"https:\/\/iil.ee\/en\/wp-json\/wp\/v2\/media?parent=53"}],"curies":[{"name":"wp","href":"https:\/\/api.w.org\/{rel}","templated":true}]}}