{"id":55,"date":"2025-03-19T09:49:10","date_gmt":"2025-03-19T09:49:10","guid":{"rendered":"https:\/\/iil.ee\/?page_id=55"},"modified":"2025-06-12T13:28:09","modified_gmt":"2025-06-12T10:28:09","slug":"line-authorisations","status":"publish","type":"page","link":"https:\/\/iil.ee\/en\/liiniload","title":{"rendered":"List of lines"},"content":{"rendered":"<div class=\"bde-globalblock-55-100 bde-globalblock\">\n<section class=\"bde-section-483-100-483-1 bde-section bde-section-483-100\">\n  \n  \n\t\n\n\n\n<div class=\"section-container\"><h1 class=\"bde-heading-483-101-483-1 bde-heading bde-heading-483-101\">\nList of lines\n<\/h1><\/div>\n<\/section>\n<\/div><section class=\"bde-section-55-101 bde-section\">\n  \n  \n\t\n\n\n\n<div class=\"section-container\"><div class=\"de-accordion-55-105 de-accordion\" data-acc=\"true\" data-animate=\"smooth\" data-open=\"false\" data-tran=\"300\" data-faq=\"false\" data-close-on-click=\"true\">\n  \n\n<h3 class=\"de-accordion-trigger-heading\">\n  <button id=\"de-accordion-105-1\" class=\"de-accordion-trigger\" type=\"button\" aria-expanded=\"\" aria-controls=\"de-acc-105-1\">\n                      <span class=\"acc-icon\">\n            <svg xmlns=\"http:\/\/www.w3.org\/2000\/svg\" viewbox=\"0 0 448 512\"><!--! Font Awesome Free 6.5.1 by @fontawesome - https:\/\/fontawesome.com License - https:\/\/fontawesome.com\/license\/free (Icons: CC BY 4.0, Fonts: SIL OFL 1.1, Code: MIT License) Copyright 2023 Fonticons, Inc. --><path d=\"M201.4 342.6c12.5 12.5 32.8 12.5 45.3 0l160-160c12.5-12.5 12.5-32.8 0-45.3s-32.8-12.5-45.3 0L224 274.7 86.6 137.4c-12.5-12.5-32.8-12.5-45.3 0s-12.5 32.8 0 45.3l160 160z\"\/><\/svg>\n          <\/span>\n                    \t<span class=\"trigger-text\">Declarations of transport conditions for commercial lines<\/span>\n      <\/button>\n<\/h3>\n\n  <div id=\"de-acc-105-1\" class=\"de-accordion-panel\" role=\"region\" aria-labelledby=\"de-accordion-105-1\" style=\"height: 100%\">\n      <p><a href=\"https:\/\/iil.ee\/wp-content\/uploads\/2025\/06\/Veotingimuste-deklaratsioon-AS-Hansa-Bussiliinid-liin-nr-200.asice\">Hansa Bussiliinid AS route 200<\/a><\/p><p><a href=\"https:\/\/iil.ee\/wp-content\/uploads\/2025\/06\/Veotingimuste-deklaratsioon-AS-Hansa-Bussiliinid-liin-nr-201.asice\">Hansa Bussiliinid AS route 201<\/a><\/p><p><a href=\"https:\/\/iil.ee\/wp-content\/uploads\/2025\/06\/Veotingimuste-deklaratsioon-277-ja-277A.asice\">Express bus routes O\u00dc 277 and 277A<\/a><\/p>\n  <\/div>\n<\/div><div class=\"bde-rich-text-55-102 bde-rich-text breakdance-rich-text-styles\">\n<p><a href=\"https:\/\/iil.ee\/wp-content\/uploads\/2025\/05\/Liiniloa-taotlemise-avaldus.doc\" target=\"_blank\" rel=\"noopener\">Applying for a route licence (application form)<\/a><\/p><p><a href=\"https:\/\/iil.ee\/wp-content\/uploads\/2025\/05\/Veotingimuste-kavand.docx\" target=\"_blank\" rel=\"noopener\">Draft declaration of transport conditions<\/a><br \/><br \/>On 25.04.2018, the Board of Directors has approved the fees for the examination of the application for a route licence and for the examination of the application for a timetable:<\/p>\n<\/div><div class=\"bde-shortcode-55-104 bde-shortcode\">\n\n<table id=\"tablepress-12\" class=\"tablepress tablepress-id-12\">\n<thead>\n<tr class=\"row-1\">\n\t<th class=\"column-1\">Type of request<\/th><th class=\"column-2\">Fee (eur)<\/th><th class=\"column-3\">Comments<\/th>\n<\/tr>\n<\/thead>\n<tbody class=\"row-striping row-hover\">\n<tr class=\"row-2\">\n\t<td class=\"column-1\">Regular bus service<\/td><td class=\"column-2\">40<\/td><td class=\"column-3\">In the Explanatory Memorandum, please include an indication of the county in which the application for a route licence is being made.<\/td>\n<\/tr>\n<tr class=\"row-3\">\n\t<td class=\"column-1\">Changing your timetable<\/td><td class=\"column-2\">26<\/td><td class=\"column-3\">In the Explanatory Memorandum, please include an indication of the county and route for which the request for a change of timetable is being made.<\/td>\n<\/tr>\n<\/tbody>\n<\/table>\n<!-- #tablepress-12 from cache -->\n<\/div><div class=\"bde-rich-text-55-103 bde-rich-text breakdance-rich-text-styles\">\n<p>NB: The fee for the review of the application for a county route licence and the fee for the review of the application for the approval of the timetable shall be paid to the bank account of MT\u00dc P\u00f5hja-Eesti \u00dchistranspordikeskuse. The invoice for the fee will be sent to the applicant's e-mail address after the application has been submitted!<\/p><p>\u00a0<\/p><p><strong>What you need to take into account when providing a commercial transport service<\/strong><\/p><p>Basis: Public Transport Act\u00a0<\/p><ul><li>The authorisation and the approved timetable shall certify the right of the carrier to operate commercial regular services on the route indicated in the authorisation under the conditions of carriage specified by the carrier.<br \/><br \/><\/li><li>Regular services and the carriage of passengers for reward, which are comparable in nature to regular services, are prohibited without the document referred to in \u00a7 40 of the TOC.<br \/><br \/><\/li><li>The name of the carrier or a trademark owned by the carrier and protected by rights within the meaning of \u00a7 5 of the Trademarks Act or used by the carrier under a contract must be visible on the right-hand side of the outside of the vehicle used for the carriage of passengers for hire or reward, except for the carriage of passengers for hire or reward by means of a passenger car with up to nine seats under a Community licence. The public transport vehicle used for regular services must also display the number and name of the route in a visible position.<br \/><br \/><\/li><li>The price of commercial transport is set by the carrier.<br \/><br \/><\/li><li>In the case of a commercial service, the carrier may grant travel concessions, but these are not reimbursed to the carrier.<br \/><br \/><\/li><li>In the case of bus and coach services on a regional route, the carrier is obliged to announce the increase in the price of the service in at least one of the newspapers with the highest circulation in the area, at the starting and terminus of the route and in a visible place on the public transport vehicle at least ten days before the increase.<br \/><br \/><\/li><li>On national routes by road, waterway and rail, the carrier is obliged to transport free of charge a child who has not reached the age of seven by 1 October of the current school year, a child whose school attendance has been postponed, a disabled person up to the age of 16, a person aged 16 and over with a severe disability, a person with a severe visual impairment, a person accompanying a person with a severe or profound visual impairment or a driving or assistance dog accompanying a disabled person. Carriage free of charge for these categories of passenger shall not be reimbursed to the carrier.<br \/><br \/><\/li><li>Notification of the commencement of a regular service and of changes to the timetable for commercial regular services<\/li><\/ul><ol><li>If the carrier wishes to change the timetable, it must submit a request at least 90 days before the planned change is due to take effect.<br \/><br \/><\/li><li>In the case of a regional service, the carrier is obliged to inform all the municipalities concerned at least ten days in advance of the start of the service or of any change to the timetable.<\/li><\/ol><ul><li>Carrier's obligation for regular services<\/li><\/ul><ol><li>An application for a change to the conditions of carriage of a regular shipping authorisation may be made after two years have elapsed since the authorisation was issued or the conditions of carriage were changed.<\/li><\/ol><ul><li>A carrier to whom a route licence has been granted before the entry into force of this Act shall, within six months of the entry into force of this Act, submit and publish the conditions of carriage under which it operates that route.<br \/><br \/><\/li><li>The rights and obligations of the passenger and the driver, which were previously included in the general rules on the carriage of passengers by coach and bus, bus and coach transport, taxi and luggage transport, have been included in the draft or regulated by the law of obligations.<br \/><br \/><\/li><li>The licensing authority shall announce its decision on the granting or refusal of a route licence within 30 days of the submission of all the documents referred to in the Public Transport Act. If it is necessary to collect additional data for the purpose of examining the application for a route licence, the time limit for examining the application may be extended by up to 30 days.<\/li><\/ul>\n<\/div><\/div>\n<\/section>","protected":false},"excerpt":{"rendered":"<p>Liiniload Kommertsliinide veotingimuste deklaratsioonid Hansa Bussiliinid AS liin 200Hansa Bussiliinid AS liin 201Ekspressbussiliinid O\u00dc 277 ja 277A Liiniloa taotlemine (avalduse vorm)Veotingimuste deklaratsiooni kavand25.04 2018 juhatuse otsusega on kinnitatud\u00a0 liiniloa taotluse l\u00e4bivaatamise ja s\u00f5iduplaani kinnitamise taotluse l\u00e4bivaatamise tasu: Taotluse liikTasu (eur)M\u00e4rkused Bussiveoks liiniluba40Selgitusse lisada m\u00e4rge mis maakonna liiniloa taotlus esitatakse S\u00f5iduplaani muutmine26Selgitusse lisada m\u00e4rge mis maakonna [&hellip;]<\/p>\n","protected":false},"author":2,"featured_media":0,"parent":0,"menu_order":0,"comment_status":"closed","ping_status":"closed","template":"","meta":{"_acf_changed":false,"_breakdance_hide_in_design_set":false,"_breakdance_tags":"","footnotes":""},"class_list":["post-55","page","type-page","status-publish","hentry"],"acf":[],"publishpress_future_action":{"enabled":false,"date":"2026-05-11 13:03:17","action":"change-status","newStatus":"draft","terms":[],"taxonomy":"","extraData":[]},"publishpress_future_workflow_manual_trigger":{"enabledWorkflows":[]},"_links":{"self":[{"href":"https:\/\/iil.ee\/en\/wp-json\/wp\/v2\/pages\/55","targetHints":{"allow":["GET"]}}],"collection":[{"href":"https:\/\/iil.ee\/en\/wp-json\/wp\/v2\/pages"}],"about":[{"href":"https:\/\/iil.ee\/en\/wp-json\/wp\/v2\/types\/page"}],"author":[{"embeddable":true,"href":"https:\/\/iil.ee\/en\/wp-json\/wp\/v2\/users\/2"}],"replies":[{"embeddable":true,"href":"https:\/\/iil.ee\/en\/wp-json\/wp\/v2\/comments?post=55"}],"version-history":[{"count":11,"href":"https:\/\/iil.ee\/en\/wp-json\/wp\/v2\/pages\/55\/revisions"}],"predecessor-version":[{"id":2054,"href":"https:\/\/iil.ee\/en\/wp-json\/wp\/v2\/pages\/55\/revisions\/2054"}],"wp:attachment":[{"href":"https:\/\/iil.ee\/en\/wp-json\/wp\/v2\/media?parent=55"}],"curies":[{"name":"wp","href":"https:\/\/api.w.org\/{rel}","templated":true}]}}