{"id":37,"date":"2025-03-19T09:47:01","date_gmt":"2025-03-19T09:47:01","guid":{"rendered":"https:\/\/iil.ee\/?page_id=37"},"modified":"2025-06-12T12:22:03","modified_gmt":"2025-06-12T09:22:03","slug":"%d0%bf%d0%be%d1%82%d0%b5%d1%80%d1%8f%d0%bd%d0%bd%d1%8b%d0%b5-%d0%b2%d0%b5%d1%89%d0%b8","status":"publish","type":"page","link":"https:\/\/iil.ee\/ru\/kaotatud-asjad","title":{"rendered":"\u041f\u043e\u0442\u0435\u0440\u044f\u043d\u043d\u044b\u0435 \u0432\u0435\u0449\u0438"},"content":{"rendered":"<div class=\"bde-globalblock-37-100 bde-globalblock\">\n<section class=\"bde-section-483-100-483-1 bde-section bde-section-483-100\">\n  \n  \n\t\n\n\n\n<div class=\"section-container\"><h1 class=\"bde-heading-483-101-483-1 bde-heading bde-heading-483-101\">\n\u041f\u043e\u0442\u0435\u0440\u044f\u043d\u043d\u044b\u0435 \u0432\u0435\u0449\u0438\n<\/h1><\/div>\n<\/section>\n<\/div><section class=\"bde-section-37-101 bde-section\">\n  \n  \n\t\n\n\n\n<div class=\"section-container\"><div class=\"bde-rich-text-37-105 bde-rich-text breakdance-rich-text-styles\">\n<p>\u0427\u0442\u043e\u0431\u044b \u043d\u0435 \u0437\u0430\u0434\u0430\u0432\u0430\u0442\u044c\u0441\u044f \u044d\u0442\u0438\u043c \u0432\u043e\u043f\u0440\u043e\u0441\u043e\u043c, \u043f\u0435\u0440\u0435\u0434 \u0432\u044b\u0445\u043e\u0434\u043e\u043c \u0438\u0437 \u0430\u0432\u0442\u043e\u0431\u0443\u0441\u0430 \u0432\u0441\u0435\u0433\u0434\u0430 \u043f\u0440\u043e\u0432\u0435\u0440\u044f\u0439\u0442\u0435, \u0432\u0441\u0435 \u043b\u0438 \u0432\u0430\u0448\u0438 \u0432\u0435\u0449\u0438 \u043d\u0430\u0445\u043e\u0434\u044f\u0442\u0441\u044f \u043f\u0440\u0438 \u0432\u0430\u0441.<\/p><p>\u041e\u0434\u043d\u0430\u043a\u043e \u0435\u0441\u043b\u0438 \u0432\u044b \u043e\u0441\u0442\u0430\u0432\u0438\u043b\u0438 \u0432 \u0430\u0432\u0442\u043e\u0431\u0443\u0441\u0435 \u043a\u0430\u043a\u0438\u0435-\u0442\u043e \u0441\u0432\u043e\u0438 \u0432\u0435\u0449\u0438, \u043e\u0431\u0440\u0430\u0442\u0438\u0442\u0435\u0441\u044c \u0432 \u0430\u0432\u0442\u043e\u0431\u0443\u0441\u043d\u0443\u044e \u0444\u0438\u0440\u043c\u0443, \u043a\u043e\u0442\u043e\u0440\u0430\u044f \u0437\u0430\u0431\u0435\u0440\u0435\u0442 \u0432\u0441\u0435 \u0446\u0435\u043d\u043d\u044b\u0435 \u0432\u0435\u0449\u0438, \u043e\u0441\u0442\u0430\u0432\u043b\u0435\u043d\u043d\u044b\u0435 \u0432 \u0430\u0432\u0442\u043e\u0431\u0443\u0441\u0435, \u0438 \u0441\u043e\u0445\u0440\u0430\u043d\u0438\u0442 \u0438\u0445 \u043b\u0438\u0448\u044c \u043d\u0430 \u043a\u043e\u0440\u043e\u0442\u043a\u043e\u0435 \u0432\u0440\u0435\u043c\u044f.<\/p><p>\u0412\u044b \u043c\u043e\u0436\u0435\u0442\u0435 \u043d\u0430\u0439\u0442\u0438 \u0432\u0441\u0435 \u043a\u043e\u043d\u0442\u0430\u043a\u0442\u044b \u043f\u0435\u0440\u0435\u0432\u043e\u0437\u0447\u0438\u043a\u043e\u0432 <a href=\"https:\/\/iil.ee\/ru\/%d0%ba%d0%be%d0%bd%d1%82%d0%b0%d0%ba%d1%82%d1%8b\/#bussifirmad\"><strong>\u043f\u043e \u0441\u0441\u044b\u043b\u043a\u0435<\/strong><\/a><\/p>\n<\/div><\/div>\n<\/section>","protected":false},"excerpt":{"rendered":"<p>Kaotatud asjad Selleks et siia lehele asja ei oleks, vaata alati enne lahkumist kas k\u00f5ik sinu esemed on lahkudes sinuga kaasas.Kui oled siiski bussi unustanud m\u00f5ne oma eseme, v\u00f5ta \u00fchendust liini teenindava vedajaga, kes k\u00f5ik bussi j\u00e4\u00e4tud v\u00e4\u00e4rtusliku vara kokku korjab ja vaid l\u00fchikest aega s\u00e4ilitab.K\u00f5ik vedajate kontaktid leiad siit<\/p>","protected":false},"author":2,"featured_media":0,"parent":0,"menu_order":0,"comment_status":"closed","ping_status":"closed","template":"","meta":{"_acf_changed":false,"_breakdance_hide_in_design_set":false,"_breakdance_tags":"","footnotes":""},"class_list":["post-37","page","type-page","status-publish","hentry"],"acf":[],"publishpress_future_action":{"enabled":false,"date":"2026-05-11 13:08:17","action":"change-status","newStatus":"draft","terms":[],"taxonomy":"","extraData":[]},"publishpress_future_workflow_manual_trigger":{"enabledWorkflows":[]},"_links":{"self":[{"href":"https:\/\/iil.ee\/ru\/wp-json\/wp\/v2\/pages\/37","targetHints":{"allow":["GET"]}}],"collection":[{"href":"https:\/\/iil.ee\/ru\/wp-json\/wp\/v2\/pages"}],"about":[{"href":"https:\/\/iil.ee\/ru\/wp-json\/wp\/v2\/types\/page"}],"author":[{"embeddable":true,"href":"https:\/\/iil.ee\/ru\/wp-json\/wp\/v2\/users\/2"}],"replies":[{"embeddable":true,"href":"https:\/\/iil.ee\/ru\/wp-json\/wp\/v2\/comments?post=37"}],"version-history":[{"count":6,"href":"https:\/\/iil.ee\/ru\/wp-json\/wp\/v2\/pages\/37\/revisions"}],"predecessor-version":[{"id":2042,"href":"https:\/\/iil.ee\/ru\/wp-json\/wp\/v2\/pages\/37\/revisions\/2042"}],"wp:attachment":[{"href":"https:\/\/iil.ee\/ru\/wp-json\/wp\/v2\/media?parent=37"}],"curies":[{"name":"wp","href":"https:\/\/api.w.org\/{rel}","templated":true}]}}