{"id":43,"date":"2025-03-19T09:47:59","date_gmt":"2025-03-19T09:47:59","guid":{"rendered":"https:\/\/iil.ee\/?page_id=43"},"modified":"2025-10-14T13:20:09","modified_gmt":"2025-10-14T10:20:09","slug":"%d0%be%d0%b1%d1%80%d0%b0%d1%82%d0%bd%d0%b0%d1%8f-%d1%81%d0%b2%d1%8f%d0%b7%d1%8c","status":"publish","type":"page","link":"https:\/\/iil.ee\/ru\/anna-tagasisidet","title":{"rendered":"\u041e\u0431\u0440\u0430\u0442\u043d\u0430\u044f \u0441\u0432\u044f\u0437\u044c"},"content":{"rendered":"<div class=\"bde-globalblock-43-100 bde-globalblock\">\n<div class=\"breakdance-empty-ssr-message\">Choose a Global Block from the dropdown.<\/div>\n<\/div><section class=\"bde-section-43-101 bde-section\">\n  \n  \n\t\n\n\n\n<div class=\"section-container\"><h3 class=\"bde-heading-43-102 bde-heading\">\nSinu tagasiside on meile oluline\n<\/h3><div class=\"bde-text-43-108 bde-text\">\nAit\u00e4h, kui leiad hetke, et kirjutada. Sinu m\u00f5tted t\u00e4hendavad meile palju.\n<\/div><div class=\"bde-form-builder-43-109 bde-form-builder\">\n\n\n<form id=\"contact-form109\" class=\"breakdance-form breakdance-form--vertical\" data-options=\"{&quot;slug&quot;:&quot;custom&quot;,&quot;name&quot;:&quot;Contact Form&quot;,&quot;ajaxUrl&quot;:&quot;https:\\\/\\\/iil.ee\\\/wp-admin\\\/admin-ajax.php&quot;,&quot;clearOnSuccess&quot;:true,&quot;hideOnSuccess&quot;:false,&quot;successMessage&quot;:&quot;Sinu s\\u00f5num on edukalt k\\u00e4tte saadud!&quot;,&quot;errorMessage&quot;:&quot;Midagi l\\u00e4ks valesti&quot;,&quot;redirect&quot;:false,&quot;redirectUrl&quot;:&quot;&quot;,&quot;customJavaScript&quot;:&quot;&quot;,&quot;recaptcha&quot;:{&quot;key&quot;:&quot;&quot;,&quot;enabled&quot;:false},&quot;honeypot_enabled&quot;:false,&quot;popupsOnSuccess&quot;:[],&quot;popupsOnError&quot;:[]}\" data-steps=\"0\" >\n  \n  \n  \n<div class=\"breakdance-form-field breakdance-form-field--text\" >\n    \n    \n            <label class=\"breakdance-form-field__label\" for=\"nimi\">\n            Sinu nimi<span class=\"breakdance-form-field__required\">*<\/span>\n        <\/label>\n    \n    <input\n    class=\"breakdance-form-field__input\"\n    id=\"nimi\"\n    aria-describedby=\"nimi\"\n    type=\"text\"\n    name=\"fields[nimi]\"\n    placeholder=\"Nimi...\"\n    value=\"\"\n                \n        \n        \n    required\n    \n    \n>\n\n\n    \n    \n<\/div>\n\n\n<div class=\"breakdance-form-field breakdance-form-field--email\" >\n    \n    \n            <label class=\"breakdance-form-field__label\" for=\"email\">\n            Sinu email<span class=\"breakdance-form-field__required\">*<\/span>\n        <\/label>\n    \n    <input\n    class=\"breakdance-form-field__input\"\n    id=\"email\"\n    aria-describedby=\"email\"\n    type=\"email\"\n    name=\"fields[email]\"\n    placeholder=\"Email...\"\n    value=\"\"\n                \n        \n        \n    required\n    \n    \n>\n\n\n    \n    \n<\/div>\n\n\n<div class=\"breakdance-form-field breakdance-form-field--textarea\" >\n    \n    \n            <label class=\"breakdance-form-field__label\" for=\"sonum\">\n            Sinu s\u00f5num<span class=\"breakdance-form-field__required\">*<\/span>\n        <\/label>\n    \n    <textarea\n    class=\"breakdance-form-field__input\"\n    id=\"sonum\"\n    aria-describedby=\"sonum\"\n    type=\"textarea\"\n    name=\"fields[sonum]\"\n        placeholder=\"S\u00f5num...\"\n    required\n    >\n<\/textarea>\n\n\n    \n    \n<\/div>\n\n\n<div class=\"breakdance-form-field breakdance-form-field--checkbox\" >\n    \n    \n    \n    <fieldset role=\"group\"\n    >\n          <div class=\"breakdance-form-checkbox\">\n          <input\n              type=\"checkbox\"\n              name=\"fields[gbkrmf]\"\n              value=\"Soovin vastust\"\n              id=\"gbkrmf-1\"\n              \n                        >\n          <label class=\"breakdance-form-checkbox__text\" for=\"gbkrmf-1\">Soovin vastust<\/label>\n      <\/div>\n  <\/fieldset>\n\n\n\n    \n    \n<\/div>\n\n\n  \n\n<div class=\"breakdance-form-field breakdance-form-footer\">\n    \n    \n                                    \n    \n    \n    \n    \n            \n            <button type=\"submit\" class=\"button-atom button-atom--primary breakdance-form-button breakdance-form-button__submit\"  >\n    \n        <span class=\"button-atom__text\">Saada<\/span>\n\n        \n        \n            <\/button>\n    \n    <input type=\"hidden\" name=\"form_id\" value=\"109\">\n    <input type=\"hidden\" name=\"post_id\" value=\"43\">\n<\/div>\n\n  \n<\/form>\n\n\n\n<\/div><\/div>\n<\/section>","protected":false},"excerpt":{"rendered":"<p>Choose a Global Block from the dropdown. Sinu tagasiside on meile oluline Ait\u00e4h, kui leiad hetke, et kirjutada. Sinu m\u00f5tted t\u00e4hendavad meile palju. Sinu nimi* Sinu email* Sinu s\u00f5num* Soovin vastust Saada<\/p>","protected":false},"author":2,"featured_media":0,"parent":0,"menu_order":0,"comment_status":"closed","ping_status":"closed","template":"","meta":{"_acf_changed":false,"_breakdance_hide_in_design_set":false,"_breakdance_tags":"","footnotes":""},"class_list":["post-43","page","type-page","status-publish","hentry"],"acf":[],"publishpress_future_action":{"enabled":false,"date":"2026-05-09 03:13:53","action":"change-status","newStatus":"draft","terms":[],"taxonomy":"","extraData":[]},"publishpress_future_workflow_manual_trigger":{"enabledWorkflows":[]},"_links":{"self":[{"href":"https:\/\/iil.ee\/ru\/wp-json\/wp\/v2\/pages\/43","targetHints":{"allow":["GET"]}}],"collection":[{"href":"https:\/\/iil.ee\/ru\/wp-json\/wp\/v2\/pages"}],"about":[{"href":"https:\/\/iil.ee\/ru\/wp-json\/wp\/v2\/types\/page"}],"author":[{"embeddable":true,"href":"https:\/\/iil.ee\/ru\/wp-json\/wp\/v2\/users\/2"}],"replies":[{"embeddable":true,"href":"https:\/\/iil.ee\/ru\/wp-json\/wp\/v2\/comments?post=43"}],"version-history":[{"count":24,"href":"https:\/\/iil.ee\/ru\/wp-json\/wp\/v2\/pages\/43\/revisions"}],"predecessor-version":[{"id":3270,"href":"https:\/\/iil.ee\/ru\/wp-json\/wp\/v2\/pages\/43\/revisions\/3270"}],"wp:attachment":[{"href":"https:\/\/iil.ee\/ru\/wp-json\/wp\/v2\/media?parent=43"}],"curies":[{"name":"wp","href":"https:\/\/api.w.org\/{rel}","templated":true}]}}