{"id":45,"date":"2025-03-19T09:48:13","date_gmt":"2025-03-19T09:48:13","guid":{"rendered":"https:\/\/iil.ee\/?page_id=45"},"modified":"2026-04-01T16:39:56","modified_gmt":"2026-04-01T13:39:56","slug":"%d0%be-%d0%bd%d0%b0%d1%81","status":"publish","type":"page","link":"https:\/\/iil.ee\/ru\/meist","title":{"rendered":"\u041e \u043d\u0430\u0441"},"content":{"rendered":"<div class=\"bde-globalblock-45-100 bde-globalblock\">\n<section class=\"bde-section-483-100-483-1 bde-section bde-section-483-100\">\n  \n  \n\t\n\n\n\n<div class=\"section-container\"><h1 class=\"bde-heading-483-101-483-1 bde-heading bde-heading-483-101\">\n\u041e \u043d\u0430\u0441\n<\/h1><\/div>\n<\/section>\n<\/div><section class=\"bde-section-45-101 bde-section\">\n  \n  \n\t\n\n\n\n<div class=\"section-container\"><h3 class=\"bde-heading-45-102 bde-heading\">\n\u041c\u044b - IIL \n<\/h3><div class=\"bde-rich-text-45-104 bde-rich-text breakdance-rich-text-styles\">\n<p><span class=\"TextRun SCXW218931947 BCX0\" lang=\"ET-EE\" xml:lang=\"ET-EE\" data-contrast=\"auto\"><span class=\"NormalTextRun SpellingErrorV2Themed SCXW218931947 BCX0\">\u0417\u0430 \u043f\u043b\u0435\u0447\u0430\u043c\u0438<\/span><span class=\"NormalTextRun SCXW218931947 BCX0\"> \u043e\u043f\u0438\u0440\u0430\u044f\u0441\u044c \u043d\u0430 \u0431\u043e\u043b\u0435\u0435 \u0447\u0435\u043c 20-\u043b\u0435\u0442\u043d\u0438\u0439 \u043e\u043f\u044b\u0442 \u0438 \u043f\u0440\u0438\u0432\u0435\u0440\u0436\u0435\u043d\u043d\u043e\u0441\u0442\u044c \u0434\u0435\u043b\u0443. \u041d\u0430\u0448 \u043f\u0443\u0442\u044c \u043d\u0430\u0447\u0430\u043b\u0441\u044f \u0432 2005 \u0433\u043e\u0434\u0443 \u0441 \u0443\u043f\u0440\u0430\u0432\u043b\u0435\u043d\u0438\u044f \u0443\u0435\u0437\u0434\u043d\u044b\u043c\u0438 \u043b\u0438\u043d\u0438\u044f\u043c\u0438 \u0432 \u0425\u0430\u0440\u044c\u044e\u043c\u0430\u0430. \u0412 2018 \u0433\u043e\u0434\u0443 \u043d\u0430\u0448 \u0440\u0435\u0433\u0438\u043e\u043d \u0435\u0449\u0435 \u0431\u043e\u043b\u044c\u0448\u0435 \u0440\u0430\u0441\u0448\u0438\u0440\u0438\u043b\u0441\u044f - \u043c\u044b \u0442\u0430\u043a\u0436\u0435 \u0441\u043e\u0437\u0434\u0430\u0435\u043c \u0441\u0432\u044f\u0437\u0438 \u0432 \u0443\u0435\u0437\u0434\u0430\u0445 \u0420\u0430\u043f\u043b\u0430, \u041b\u044f\u044d\u043d\u0435 \u0438 \u041b\u044f\u044d\u043d\u0435-\u0412\u0438\u0440\u0443.<\/span><\/span><span class=\"LineBreakBlob BlobObject DragDrop SCXW218931947 BCX0\"><span class=\"SCXW218931947 BCX0\">\u00a0<\/span><br class=\"SCXW218931947 BCX0\" \/><\/span><span class=\"TextRun SCXW218931947 BCX0\" lang=\"ET-EE\" xml:lang=\"ET-EE\" data-contrast=\"auto\"><span class=\"NormalTextRun SCXW218931947 BCX0\">\u0423 \u043d\u0430\u0441 \u0435\u0441\u0442\u044c \u0438\u0441\u0442\u043e\u0440\u0438\u044f. \u0423 \u043d\u0430\u0441 \u0435\u0441\u0442\u044c \u0437\u043d\u0430\u043d\u0438\u044f. <\/span><span class=\"NormalTextRun SCXW218931947 BCX0\">M<\/span><span class=\"NormalTextRun SCXW218931947 BCX0\">\u0443 \u0432\u0430\u0441 \u0435\u0441\u0442\u044c \u0436\u0435\u043b\u0430\u043d\u0438\u0435 \u043f\u043e\u0441\u0442\u043e\u044f\u043d\u043d\u043e \u0440\u0430\u0437\u0432\u0438\u0432\u0430\u0442\u044c\u0441\u044f.<\/span><\/span><span class=\"LineBreakBlob BlobObject DragDrop SCXW218931947 BCX0\"><span class=\"SCXW218931947 BCX0\">\u00a0<br \/><\/span><\/span><strong><span class=\"TextRun SCXW218931947 BCX0\" lang=\"ET-EE\" xml:lang=\"ET-EE\" data-contrast=\"auto\"><span class=\"NormalTextRun SCXW218931947 BCX0\">IIL \u0441\u043e\u0437\u0434\u0430\u0435\u0442 \u0438 \u043f\u043e\u0434\u0434\u0435\u0440\u0436\u0438\u0432\u0430\u0435\u0442 \u0441\u0432\u044f\u0437\u0438.<\/span><\/span><span class=\"EOP SCXW218931947 BCX0\" data-ccp-props=\"{}\">\u00a0<\/span><\/strong><\/p>\n<\/div><h3 class=\"bde-heading-45-105 bde-heading\">\n\u041d\u0430\u0448\u0438 \u0446\u0435\u043d\u043d\u043e\u0441\u0442\u0438 \n<\/h3><div class=\"bde-rich-text-45-106 bde-rich-text breakdance-rich-text-styles\">\n<p><span data-contrast=\"auto\">\u0412 \u043e\u0441\u043d\u043e\u0432\u0435 \u0440\u0430\u0431\u043e\u0442\u044b IIL \u043b\u0435\u0436\u0430\u0442 \u0447\u0435\u0442\u044b\u0440\u0435 \u0446\u0435\u043d\u043d\u043e\u0441\u0442\u0438:<\/span><span data-ccp-props=\"{}\">\u00a0<\/span><\/p><p><b><span data-contrast=\"auto\">\u0423\u0434\u043e\u0431\u0441\u0442\u0432\u043e<\/span><\/b><span data-contrast=\"auto\"> \u2013 \u0434\u0432\u0438\u0436\u0435\u043d\u0438\u0435 \u044d\u0442\u043e \u0447\u0430\u0441\u0442\u044c \u0442\u0432\u043e\u0435\u0433\u043e \u0434\u043d\u044f, \u0438 \u043c\u044b \u0445\u043e\u0442\u0438\u043c, \u0447\u0442\u043e\u0431\u044b \u0432 \u0430\u0432\u0442\u043e\u0431\u0443\u0441\u0435 \u0442\u044b \u0447\u0443\u0432\u0441\u0442\u0432\u043e\u0432\u0430\u043b \u0441\u0435\u0431\u044f \u043a\u043e\u043c\u0444\u043e\u0440\u0442\u043d\u043e.<\/span><\/p><p><b><span data-contrast=\"auto\">\u0422\u043e\u0447\u043d\u043e\u0441\u0442\u044c<\/span><\/b><span data-contrast=\"auto\"> \u2013 \u0440\u0430\u0431\u043e\u0442\u0430\u0435\u043c \u043d\u0430\u0434 \u0442\u0435\u043c, \u0447\u0442\u043e\u0431\u044b \u043c\u0430\u0440\u0448\u0440\u0443\u0442\u044b \u043f\u0440\u043e\u0445\u043e\u0434\u0438\u043b\u0438 \u043f\u043e \u0440\u0430\u0441\u043f\u0438\u0441\u0430\u043d\u0438\u044e, \u0430 \u0438\u043d\u0444\u043e\u0440\u043c\u0430\u0446\u0438\u044f \u0431\u044b\u043b\u0430 \u0434\u043e\u0441\u0442\u0443\u043f\u043d\u0430 \u0432 \u0440\u0435\u0436\u0438\u043c\u0435 \u0440\u0435\u0430\u043b\u044c\u043d\u043e\u0433\u043e \u0432\u0440\u0435\u043c\u0435\u043d\u0438.<\/span><\/p><p><b><span data-contrast=\"auto\">\u0411\u0435\u0437\u043e\u043f\u0430\u0441\u043d\u043e\u0441\u0442\u044c<\/span><\/b><span data-contrast=\"auto\"> - \u041d\u0430\u0448\u0438 \u0432\u043e\u0434\u0438\u0442\u0435\u043b\u0438 \u043f\u0440\u043e\u0445\u043e\u0434\u044f\u0442 \u043e\u0431\u0443\u0447\u0435\u043d\u0438\u0435, \u0430\u0432\u0442\u043e\u0431\u0443\u0441\u044b \u043e\u0431\u043e\u0440\u0443\u0434\u043e\u0432\u0430\u043d\u044b \u0440\u0435\u043c\u043d\u044f\u043c\u0438 \u0431\u0435\u0437\u043e\u043f\u0430\u0441\u043d\u043e\u0441\u0442\u0438, \u043a\u043d\u043e\u043f\u043a\u0430\u043c\u0438 STOP \u0438 \u0441\u0438\u0441\u0442\u0435\u043c\u043e\u0439 \u0432\u0438\u0434\u0435\u043e\u043d\u0430\u0431\u043b\u044e\u0434\u0435\u043d\u0438\u044f. \u041c\u044b \u0441\u043e\u0442\u0440\u0443\u0434\u043d\u0438\u0447\u0430\u0435\u043c \u0441\u043e \u0448\u043a\u043e\u043b\u0430\u043c\u0438 \u0438 \u0433\u043e\u0442\u043e\u0432\u0438\u043c \u043d\u043e\u0432\u043e\u0435 \u043f\u043e\u043a\u043e\u043b\u0435\u043d\u0438\u0435 \u043f\u043e\u043b\u044c\u0437\u043e\u0432\u0430\u0442\u0435\u043b\u0435\u0439 \u043e\u0431\u0449\u0435\u0441\u0442\u0432\u0435\u043d\u043d\u043e\u0433\u043e \u0442\u0440\u0430\u043d\u0441\u043f\u043e\u0440\u0442\u0430 \u0432 \u043b\u0438\u0446\u0435 \u044e\u043d\u044b\u0445 \u043f\u0430\u0441\u0441\u0430\u0436\u0438\u0440\u043e\u0432.<\/span><\/p><p><b><span data-contrast=\"auto\">\u042d\u043a\u043e\u043b\u043e\u0433\u0438\u0447\u043d\u043e\u0441\u0442\u044c<\/span><\/b><span data-contrast=\"auto\"> \u2013 \u043c\u044b \u043f\u043b\u0430\u043d\u0438\u0440\u0443\u0435\u043c \u043f\u043e\u0435\u0437\u0434\u043a\u0438 \u0441 \u0443\u043c\u043e\u043c, \u0441\u043e\u043a\u0440\u0430\u0449\u0430\u0435\u043c \u043a\u043e\u043b\u0438\u0447\u0435\u0441\u0442\u0432\u043e \u043f\u0443\u0441\u0442\u044b\u0445 \u043f\u043e\u0435\u0437\u0434\u043e\u043a \u0438 \u0432\u0441\u0435 \u0447\u0430\u0449\u0435 \u0438\u0441\u043f\u043e\u043b\u044c\u0437\u0443\u0435\u043c \u044d\u043a\u043e\u043d\u043e\u043c\u0438\u0447\u043d\u044b\u0435 \u0430\u0432\u0442\u043e\u0431\u0443\u0441\u044b.<\/span><span data-ccp-props=\"{}\">\u00a0<\/span><\/p>\n<\/div><h3 class=\"bde-heading-45-109 bde-heading\">\n\u041a\u0442\u043e \u043c\u044b? \n<\/h3><div class=\"bde-rich-text-45-110 bde-rich-text breakdance-rich-text-styles\">\n<p><span class=\"TextRun SCXW203793094 BCX0\" lang=\"ET-EE\" xml:lang=\"ET-EE\" data-contrast=\"auto\"><span class=\"NormalTextRun SpellingErrorV2Themed SCXW203793094 BCX0\">\u0412 IIL<\/span><span class=\"NormalTextRun SCXW203793094 BCX0\"> \u0440\u0430\u0431\u043e\u0442\u0430\u044e\u0442 \u043b\u044e\u0434\u0438,<\/span> <span class=\"NormalTextRun SCXW203793094 BCX0\">\u043a\u043e\u0442\u043e\u0440\u044b\u0435 \u043a\u0430\u0436\u0434\u044b\u0439 \u0434\u0435\u043d\u044c \u0434\u0443\u043c\u0430\u044e\u0442 \u043e \u0442\u043e\u043c, \u043a\u0430\u043a <\/span><span class=\"NormalTextRun SCXW203793094 BCX0\">\u043d\u0430\u043b\u0430\u0434\u0438\u0442\u044c \u0441\u043e\u043e\u0431\u0449\u0435\u043d\u0438\u0435 \u0432 \u0443\u0441\u043b\u043e\u0432\u0438\u044f\u0445 \u043e\u0433\u0440\u0430\u043d\u0438\u0447\u0435\u043d\u043d\u044b\u0445 \u0440\u0435\u0441\u0443\u0440\u0441\u043e\u0432.<\/span> <span class=\"NormalTextRun SCXW203793094 BCX0\">\u041d\u0430\u0448\u0438 \u043f\u043b\u0430\u043d\u0438\u0440\u043e\u0432\u0449\u0438\u043a\u0438 \u043c\u0430\u0440\u0448\u0440\u0443\u0442\u043e\u0432 \u0438 \u0441\u043f\u0435\u0446\u0438\u0430\u043b\u0438\u0441\u0442\u044b \u0445\u043e\u0440\u043e\u0448\u043e \u0437\u043d\u0430\u044e\u0442 \u0441\u0432\u043e\u0439 \u0440\u0435\u0433\u0438\u043e\u043d \u0438 \u043d\u0430\u0445\u043e\u0434\u044f\u0442 \u0440\u0435\u0448\u0435\u043d\u0438\u044f, \u043a\u043e\u0442\u043e\u0440\u044b\u0435 \u0441\u043e\u043e\u0442\u0432\u0435\u0442\u0441\u0442\u0432\u0443\u044e\u0442 \u043f\u043e\u0442\u0440\u0435\u0431\u043d\u043e\u0441\u0442\u044f\u043c \u043a\u0430\u043a \u043d\u0435\u0431\u043e\u043b\u044c\u0448\u0438\u0445 \u0434\u0435\u0440\u0435\u0432\u0435\u043d\u044c, \u0442\u0430\u043a \u0438 \u043f\u0440\u0438\u0433\u043e\u0440\u043e\u0434\u043d\u044b\u0445 \u043d\u0430\u0441\u0435\u043b\u0451\u043d\u043d\u044b\u0445 \u043f\u0443\u043d\u043a\u0442\u043e\u0432. \u041c\u044b \u0441\u043e\u0437\u0434\u0430\u0451\u043c \u0442\u0440\u0430\u043d\u0441\u043f\u043e\u0440\u0442\u043d\u044b\u0435 \u0441\u0432\u044f\u0437\u0438, \u043a\u043e\u0442\u043e\u0440\u044b\u0435 \u043f\u043e\u043c\u043e\u0433\u0430\u044e\u0442 \u0441\u043e\u0445\u0440\u0430\u043d\u044f\u0442\u044c \u0436\u0438\u0437\u043d\u044c \u0432 \u0441\u0435\u043b\u044c\u0441\u043a\u043e\u0439 \u043c\u0435\u0441\u0442\u043d\u043e\u0441\u0442\u0438 \u0438 \u0441\u043d\u0438\u0436\u0430\u0442\u044c \u0442\u0440\u0430\u043d\u0441\u043f\u043e\u0440\u0442\u043d\u0443\u044e \u043d\u0430\u0433\u0440\u0443\u0437\u043a\u0443 \u0432 \u0431\u043e\u043b\u0435\u0435 \u043f\u043b\u043e\u0442\u043d\u043e\u0437\u0430\u0441\u0435\u043b\u0451\u043d\u043d\u044b\u0445 \u0440\u0430\u0439\u043e\u043d\u0430\u0445.<\/span><\/span><span class=\"EOP SCXW203793094 BCX0\" data-ccp-props=\"{}\">\u00a0<\/span><\/p>\n<\/div><h3 class=\"bde-heading-45-111 bde-heading\">\n\u041a\u0443\u0434\u0430 \u043c\u044b \u0434\u0432\u0438\u0436\u0435\u043c\u0441\u044f \u0434\u0430\u043b\u044c\u0448\u0435? \n<\/h3><div class=\"bde-rich-text-45-112 bde-rich-text breakdance-rich-text-styles\">\n<p><span class=\"TextRun SCXW123007028 BCX0\" lang=\"ET-EE\" xml:lang=\"ET-EE\" data-contrast=\"auto\"><span class=\"NormalTextRun SCXW123007028 BCX0\">IIL - \u044d\u0442\u043e \u043c\u0435\u0442\u0430\u0444\u043e\u0440\u0430 \u0434\u0432\u0438\u0436\u0435\u043d\u0438\u044f, \u043b\u0435\u0433\u043a\u043e\u0441\u0442\u0438 \u0438 \u0441\u043a\u043e\u0440\u043e\u0441\u0442\u0438. \u0418\u043c\u0435\u043d\u043d\u043e \u0442\u0430\u043a\u0438\u043c\u0438 \u043c\u044b \u0445\u043e\u0442\u0438\u043c \u0431\u044b\u0442\u044c \u043a\u0430\u043a \u043f\u043e\u0441\u0442\u0430\u0432\u0449\u0438\u043a \u0443\u0441\u043b\u0443\u0433 - \u0431\u044b\u0441\u0442\u0440\u044b\u043c\u0438, \u0443\u0434\u043e\u0431\u043d\u044b\u043c\u0438 \u0438 \u0434\u0440\u0443\u0436\u0435\u043b\u044e\u0431\u043d\u044b\u043c\u0438 \u043a \u043b\u044e\u0434\u044f\u043c.<\/span><\/span><span class=\"LineBreakBlob BlobObject DragDrop SCXW123007028 BCX0\"><span class=\"SCXW123007028 BCX0\">\u00a0<\/span><br class=\"SCXW123007028 BCX0\" \/><\/span><span class=\"TextRun SCXW123007028 BCX0\" lang=\"ET-EE\" xml:lang=\"ET-EE\" data-contrast=\"auto\"><span class=\"NormalTextRun SCXW123007028 BCX0\">\u041c\u044b \u0440\u0430\u0431\u043e\u0442\u0430\u0435\u043c \u043d\u0430\u0434 \u0442\u0435\u043c, \u0447\u0442\u043e\u0431\u044b \u0441\u0434\u0435\u043b\u0430\u0442\u044c \u0438\u043d\u0444\u043e\u0440\u043c\u0430\u0446\u0438\u044e \u0431\u043e\u043b\u0435\u0435 \u0434\u043e\u0441\u0442\u0443\u043f\u043d\u043e\u0439, \u0441\u0432\u044f\u0437\u0438 - \u0431\u043e\u043b\u0435\u0435 \u043b\u043e\u0433\u0438\u0447\u043d\u044b\u043c\u0438, \u0430 \u043f\u043e\u0435\u0437\u0434\u043a\u0438 - \u0431\u043e\u043b\u0435\u0435 \u043f\u0440\u0438\u044f\u0442\u043d\u044b\u043c.<\/span><\/span><\/p>\n<\/div><\/div>\n<\/section>","protected":false},"excerpt":{"rendered":"<p>Meist Meie oleme IIL IILi taga on \u00fcle 20 aasta kogemust ja p\u00fchendumust. Meie teekond algas 2005. aastal Harjumaal maakonna liinide haldamisega. Aastal 2018 kasvas meie piirkond veelgi \u2013 loome \u00fchendusi ka Rapla-, L\u00e4\u00e4ne- ja L\u00e4\u00e4ne-Viru maakondades.\u00a0Meil on ajalugu. Meil on teadmised. Meil on soov pidevalt areneda.\u00a0IIL loob ja hoiab \u00fchendusi.\u00a0 Meie v\u00e4\u00e4rtused IILi t\u00f6\u00f6 [&hellip;]<\/p>\n","protected":false},"author":2,"featured_media":0,"parent":0,"menu_order":0,"comment_status":"closed","ping_status":"closed","template":"","meta":{"_acf_changed":false,"_breakdance_hide_in_design_set":false,"_breakdance_tags":"","footnotes":""},"class_list":["post-45","page","type-page","status-publish","hentry"],"acf":[],"publishpress_future_action":{"enabled":false,"date":"2026-05-09 03:13:54","action":"change-status","newStatus":"draft","terms":[],"taxonomy":"","extraData":[]},"publishpress_future_workflow_manual_trigger":{"enabledWorkflows":[]},"_links":{"self":[{"href":"https:\/\/iil.ee\/ru\/wp-json\/wp\/v2\/pages\/45","targetHints":{"allow":["GET"]}}],"collection":[{"href":"https:\/\/iil.ee\/ru\/wp-json\/wp\/v2\/pages"}],"about":[{"href":"https:\/\/iil.ee\/ru\/wp-json\/wp\/v2\/types\/page"}],"author":[{"embeddable":true,"href":"https:\/\/iil.ee\/ru\/wp-json\/wp\/v2\/users\/2"}],"replies":[{"embeddable":true,"href":"https:\/\/iil.ee\/ru\/wp-json\/wp\/v2\/comments?post=45"}],"version-history":[{"count":6,"href":"https:\/\/iil.ee\/ru\/wp-json\/wp\/v2\/pages\/45\/revisions"}],"predecessor-version":[{"id":4847,"href":"https:\/\/iil.ee\/ru\/wp-json\/wp\/v2\/pages\/45\/revisions\/4847"}],"wp:attachment":[{"href":"https:\/\/iil.ee\/ru\/wp-json\/wp\/v2\/media?parent=45"}],"curies":[{"name":"wp","href":"https:\/\/api.w.org\/{rel}","templated":true}]}}