{"id":47,"date":"2025-03-19T09:48:26","date_gmt":"2025-03-19T09:48:26","guid":{"rendered":"https:\/\/iil.ee\/?page_id=47"},"modified":"2025-06-12T11:15:29","modified_gmt":"2025-06-12T08:15:29","slug":"%d0%bf%d0%b0%d1%80%d1%82%d0%bd%d0%b5%d1%80%d1%8b","status":"publish","type":"page","link":"https:\/\/iil.ee\/ru\/partnerid","title":{"rendered":"\u041f\u0430\u0440\u0442\u043d\u0435\u0440\u044b"},"content":{"rendered":"<div class=\"bde-globalblock-47-100 bde-globalblock\">\n<section class=\"bde-section-483-100-483-1 bde-section bde-section-483-100\">\n  \n  \n\t\n\n\n\n<div class=\"section-container\"><h1 class=\"bde-heading-483-101-483-1 bde-heading bde-heading-483-101\">\n\u041f\u0430\u0440\u0442\u043d\u0435\u0440\u044b\n<\/h1><\/div>\n<\/section>\n<\/div><section class=\"bde-section-47-101 bde-section\">\n  \n  \n\t\n\n\n\n<div class=\"section-container\"><div class=\"bde-rich-text-47-102 bde-rich-text breakdance-rich-text-styles\">\n<div id=\"content\" class=\"main-content__container with-background-img\"><div id=\"main-content\" class=\"columns-1\" role=\"main\"><div class=\"portlet-layout row border\"><div id=\"column-1\" class=\"portlet-column portlet-column-first layout-full\"><div id=\"layout-column_column-1\" class=\"portlet-dropzone portlet-column-content portlet-column-content-only\"><div id=\"p_p_id_56_INSTANCE_ZTF3qiZGgAD7_\" class=\"portlet-boundary portlet-boundary_56_ portlet-static portlet-static-end portlet-journal-content\"><div class=\"portlet-body\"><section id=\"portlet_56_INSTANCE_ZTF3qiZGgAD7\" class=\"portlet\"><div class=\"portlet-content\"><div class=\"portlet-content-container\"><div class=\"portlet-body\"><div class=\"journal-content-article\"><ul><li><a href=\"https:\/\/www.mkm.ee\/et\">\u041c\u0438\u043d\u0438\u0441\u0442\u0435\u0440\u0441\u0442\u0432\u043e \u044d\u043a\u043e\u043d\u043e\u043c\u0438\u043a\u0438 \u0438 \u043a\u043e\u043c\u043c\u0443\u043d\u0438\u043a\u0430\u0446\u0438\u0439<\/a><br \/><br \/><\/li><li><a href=\"https:\/\/www.transpordiamet.ee\/\">\u0414\u0435\u043f\u0430\u0440\u0442\u0430\u043c\u0435\u043d\u0442 \u0442\u0440\u0430\u043d\u0441\u043f\u043e\u0440\u0442\u0430<\/a><br \/><br \/><\/li><li><a href=\"https:\/\/www.tallinn.ee\/et\/tallinna-transpordiamet\" target=\"_top\">\u0422\u0430\u043b\u043b\u0438\u043d\u043d\u0441\u043a\u0438\u0439 \u0442\u0440\u0430\u043d\u0441\u043f\u043e\u0440\u0442\u043d\u044b\u0439 \u0434\u0435\u043f\u0430\u0440\u0442\u0430\u043c\u0435\u043d\u0442<\/a><br \/><br \/><\/li><li><a href=\"http:\/\/jytk.ee\/\">\u0426\u0435\u043d\u0442\u0440 \u043e\u0431\u0449\u0435\u0441\u0442\u0432\u0435\u043d\u043d\u043e\u0433\u043e \u0442\u0440\u0430\u043d\u0441\u043f\u043e\u0440\u0442\u0430 \u042f\u0440\u0432\u0430\u043c\u0430\u0430<\/a><br \/><br \/><\/li><li><a href=\"http:\/\/pytk.ee\/\">\u0426\u0435\u043d\u0442\u0440 \u043e\u0431\u0449\u0435\u0441\u0442\u0432\u0435\u043d\u043d\u043e\u0433\u043e \u0442\u0440\u0430\u043d\u0441\u043f\u043e\u0440\u0442\u0430 \u041f\u044f\u0440\u043d\u0443<\/a><br \/><br \/><\/li><li><a href=\"https:\/\/www.ivytk.ee\/\" target=\"_blank\" rel=\"noopener\">\u0426\u0435\u043d\u0442\u0440 \u043e\u0431\u0449\u0435\u0441\u0442\u0432\u0435\u043d\u043d\u043e\u0433\u043e \u0442\u0440\u0430\u043d\u0441\u043f\u043e\u0440\u0442\u0430 \u0418\u0434\u0430-\u0412\u0438\u0440\u0443<\/a><br \/><br \/><\/li><li><a href=\"https:\/\/uhistransport.ee\/\" target=\"_blank\" rel=\"noopener\">\u0426\u0435\u043d\u0442\u0440 \u043e\u0431\u0449\u0435\u0441\u0442\u0432\u0435\u043d\u043d\u043e\u0433\u043e \u0442\u0440\u0430\u043d\u0441\u043f\u043e\u0440\u0442\u0430 \u0419\u044b\u0433\u0435\u0432\u0430\u043c\u0430\u0430<\/a><br \/><br \/><\/li><li><a href=\"https:\/\/kagu.ytk.ee\/\" target=\"_blank\" rel=\"noopener\">\u042e\u0433\u043e-\u0432\u043e\u0441\u0442\u043e\u0447\u043d\u044b\u0439 \u0446\u0435\u043d\u0442\u0440 \u043e\u0431\u0449\u0435\u0441\u0442\u0432\u0435\u043d\u043d\u043e\u0433\u043e \u0442\u0440\u0430\u043d\u0441\u043f\u043e\u0440\u0442\u0430<\/a><br \/><br \/><\/li><li><a href=\"http:\/\/transport.tartumaa.ee\/\" target=\"_blank\" rel=\"noopener\">\u0426\u0435\u043d\u0442\u0440 \u043e\u0431\u0449\u0435\u0441\u0442\u0432\u0435\u043d\u043d\u043e\u0433\u043e \u0442\u0440\u0430\u043d\u0441\u043f\u043e\u0440\u0442\u0430 \u0422\u0430\u0440\u0442\u0443\u043c\u0430\u0430<\/a><br \/><br \/><\/li><li><a href=\"https:\/\/transport.valgamaa.ee\/\" target=\"_blank\" rel=\"noopener\">\u0426\u0435\u043d\u0442\u0440 \u043e\u0431\u0449\u0435\u0441\u0442\u0432\u0435\u043d\u043d\u043e\u0433\u043e \u0442\u0440\u0430\u043d\u0441\u043f\u043e\u0440\u0442\u0430 \u0412\u0430\u043b\u0433\u0430\u043c\u0430\u0430<\/a><br \/><br \/><\/li><li><a href=\"https:\/\/transport.viljandimaa.ee\/\" target=\"_blank\" rel=\"noopener\">\u0426\u0435\u043d\u0442\u0440 \u043e\u0431\u0449\u0435\u0441\u0442\u0432\u0435\u043d\u043d\u043e\u0433\u043e \u0442\u0440\u0430\u043d\u0441\u043f\u043e\u0440\u0442\u0430 \u0412\u0438\u043b\u044c\u044f\u043d\u0434\u0438\u043c\u0430\u0430<\/a><br \/><br \/><\/li><li><a href=\"https:\/\/www.saaremaavald.ee\/uhistransport\" target=\"_blank\" rel=\"noopener\">\u0412\u043e\u043b\u043e\u0441\u0442\u044c \u0421\u0430\u0430\u0440\u0435\u043c\u0430\u0430<\/a><br \/><br \/><\/li><li><a href=\"https:\/\/vald.hiiumaa.ee\/transpordi-uudised\" target=\"_blank\" rel=\"noopener\">\u0412\u043e\u043b\u043e\u0441\u0442\u044c \u0425\u0438\u0438\u0443\u043c\u0430\u0430<\/a><br \/><br \/><\/li><li><a href=\"https:\/\/www.hol.ee\/\" target=\"_blank\" rel=\"noopener\">\u041e\u0431\u044a\u0435\u0434\u0438\u043d\u0435\u043d\u0438\u0435 \u0441\u0430\u043c\u043e\u0443\u043f\u0440\u0430\u0432\u043b\u0435\u043d\u0438\u0439 \u0425\u0430\u0440\u044c\u044e\u043c\u0430\u0430<\/a><br \/><br \/><\/li><li><a href=\"https:\/\/www.virol.ee\/\" target=\"_blank\" rel=\"noopener\">\u041e\u0431\u044a\u0435\u0434\u0438\u043d\u0435\u043d\u0438\u0435 \u0441\u0430\u043c\u043e\u0443\u043f\u0440\u0430\u0432\u043b\u0435\u043d\u0438\u0439 \u041b\u044f\u044d\u043d\u0435-\u0412\u0438\u0440\u0443\u043c\u0430\u0430<\/a><br \/><br \/><\/li><li><a href=\"https:\/\/rol.raplamaa.ee\/\" target=\"_blank\" rel=\"noopener\">\u041e\u0431\u044a\u0435\u0434\u0438\u043d\u0435\u043d\u0438\u0435 \u0441\u0430\u043c\u043e\u0443\u043f\u0440\u0430\u0432\u043b\u0435\u043d\u0438\u0439 \u0420\u0430\u043f\u043b\u0430\u043c\u0430\u0430<\/a><br \/><br \/><\/li><li><a href=\"https:\/\/laanemaa.ee\/sihtasutus-laanemaa\/\" target=\"_blank\" rel=\"noopener\">\u0426\u0435\u043b\u0435\u0432\u043e\u0435 \u0443\u0447\u0440\u0435\u0436\u0434\u0435\u043d\u0438\u0435 \u041b\u044f\u044d\u043d\u0435\u043c\u0430\u0430<\/a><br \/><br \/><\/li><li><a href=\"http:\/\/www.ridango.com\/\" target=\"_blank\" rel=\"noopener\">\u0420\u0438\u0434\u0430\u043d\u0433\u043e<\/a><br \/><br \/><\/li><li><a href=\"http:\/\/www.holdfast.ee\/\" target=\"_blank\" rel=\"noopener\">Holdfast O\u00dc<\/a><br \/><br \/><\/li><li><a href=\"http:\/\/www.roadservice.ee\/\" target=\"_blank\" rel=\"noopener\">Roadservice O\u00dc<\/a><br \/><br \/><\/li><li><a href=\"http:\/\/www.heak.ee\/\" target=\"_blank\" rel=\"noopener\">\u0425\u0430\u0440\u044c\u044e\u0441\u043a\u0438\u0439 \u0446\u0435\u043d\u0442\u0440 \u043f\u0440\u0435\u0434\u043f\u0440\u0438\u043d\u0438\u043c\u0430\u0442\u0435\u043b\u044c\u0441\u0442\u0432\u0430 \u0438 \u0440\u0430\u0437\u0432\u0438\u0442\u0438\u044f<\/a><br \/><br \/><\/li><li><a href=\"http:\/\/www.autoettevoteteliit.ee\/\" target=\"_blank\" rel=\"noopener\">\u0421\u043e\u044e\u0437 \u0430\u0432\u0442\u043e\u043f\u0440\u0435\u0434\u043f\u0440\u0438\u044f\u0442\u0438\u0439<\/a><br \/><br \/><\/li><li><a href=\"http:\/\/www.etta.ee\/\" target=\"_blank\" rel=\"noopener\">\u0422\u0440\u0430\u043d\u0441\u043f\u043e\u0440\u0442\u043d\u044b\u0439 \u043f\u0440\u043e\u0444\u0441\u043e\u044e\u0437<\/a><br \/><br \/><\/li><li><a href=\"http:\/\/www.ti.ee\/\" target=\"_blank\" rel=\"noopener\">\u0418\u043d\u0441\u043f\u0435\u043a\u0446\u0438\u044f \u0442\u0440\u0443\u0434\u0430<\/a><br \/><br \/><\/li><li><a href=\"https:\/\/elron.ee\/\" target=\"_blank\" rel=\"noopener\">Elron<\/a><br \/><br \/><\/li><li><a href=\"https:\/\/hepa.ee\/\" target=\"_blank\" rel=\"noopener\">Hepa<\/a>\u00a0- \u041e\u043f\u0435\u0440\u0430\u0442\u043e\u0440 \u0430\u0432\u0442\u043e\u0432\u043e\u043a\u0437\u0430\u043b\u0430 \u0420\u0430\u043f\u043b\u0430<br \/><br \/><\/li><li><a href=\"https:\/\/www.tpilet.ee\/\" target=\"_blank\" rel=\"noopener\">Tpilet<\/a>\u00a0- \u041e\u043f\u0435\u0440\u0430\u0442\u043e\u0440 \u0430\u0432\u0442\u043e\u0432\u043e\u043a\u0437\u0430\u043b\u0430 \u0420\u0430\u043a\u0432\u0435\u0440\u0435<br \/><br \/><\/li><li><a href=\"https:\/\/www.tktk.ee\/\" target=\"_blank\" rel=\"noopener\">\u0422\u0430\u043b\u043b\u0438\u043d\u0441\u043a\u0430\u044f \u0432\u044b\u0441\u0448\u0430\u044f \u0442\u0435\u0445\u043d\u0438\u0447\u0435\u0441\u043a\u0430\u044f \u0448\u043a\u043e\u043b\u0430<\/a><\/li><\/ul><\/div><div class=\"entry-links\">\u00a0<\/div><\/div><\/div><\/div><\/section><\/div><\/div><\/div><\/div><\/div><\/div><form id=\"hrefFm\" action=\"https:\/\/www.ytkpohja.ee\/koostoopartnerid#\" method=\"post\" name=\"hrefFm\"><\/form><\/div><footer id=\"footer\" class=\"footer\" role=\"contentinfo\"><div class=\"footer-class\"><div id=\"p_p_id_footercontacts_WAR_kovtpfootercontactsportlet_INSTANCE_Kg0K_\" class=\"portlet-boundary portlet-boundary_footercontacts_WAR_kovtpfootercontactsportlet_ portlet-static portlet-static-end portlet-borderless contacts-portlet\"><span id=\"p_footercontacts_WAR_kovtpfootercontactsportlet_INSTANCE_Kg0K\"><\/span><div class=\"portlet-body\"><div class=\"portlet-borderless-container\"><div class=\"portlet-body\"><div class=\"footer-container\"><div class=\"footer-contact\">\u00a0<\/div><\/div><\/div><\/div><\/div><\/div><\/div><\/footer>\n<\/div><\/div>\n<\/section>","protected":false},"excerpt":{"rendered":"<p>Partnerid Majandus- ja KommunikatsiooniministeeriumTranspordiametTallinna TranspordiametJ\u00e4rvamaa \u00dchistranspordi Keskus MT\u00dcP\u00e4rnumaa \u00dchistranspordikeskus MT\u00dcIda-Viru \u00dchistranspordikeskusJ\u00f5gevamaa \u00dchistranspordikeskusKagu \u00dchistranspordikeskusTartumaa \u00dchistranspordikeskusValgamaa \u00dchistranspordikeskusViljandimaa \u00dchistranspordikeskusSaaremaa valdHiiumaa valdHarjumaa Omavalitsuste LiitL\u00e4\u00e4ne-Viru Omavalitsuste LiitRaplamaa Omavalitsuste LiitL\u00e4\u00e4nemaa SARidango ASHoldfast O\u00dcRoadservice O\u00dcHarju Ettev\u00f5tlus- ja Arenduskeskus SAAutoettev\u00f5tete LiitTranspordi Ameti\u00fchingT\u00f6\u00f6inspektsioonElronHepa\u00a0&#8211; Rapla bussijaama operaatorTpilet\u00a0&#8211;\u00a0 Rakvere bussijaama operaatorTallinna Tehnikak\u00f5rgkkool\u00a0\u00a0<\/p>","protected":false},"author":2,"featured_media":0,"parent":0,"menu_order":0,"comment_status":"closed","ping_status":"closed","template":"","meta":{"_acf_changed":false,"_breakdance_hide_in_design_set":false,"_breakdance_tags":"","footnotes":""},"class_list":["post-47","page","type-page","status-publish","hentry"],"acf":[],"publishpress_future_action":{"enabled":false,"date":"2026-05-09 03:13:53","action":"change-status","newStatus":"draft","terms":[],"taxonomy":"","extraData":[]},"publishpress_future_workflow_manual_trigger":{"enabledWorkflows":[]},"_links":{"self":[{"href":"https:\/\/iil.ee\/ru\/wp-json\/wp\/v2\/pages\/47","targetHints":{"allow":["GET"]}}],"collection":[{"href":"https:\/\/iil.ee\/ru\/wp-json\/wp\/v2\/pages"}],"about":[{"href":"https:\/\/iil.ee\/ru\/wp-json\/wp\/v2\/types\/page"}],"author":[{"embeddable":true,"href":"https:\/\/iil.ee\/ru\/wp-json\/wp\/v2\/users\/2"}],"replies":[{"embeddable":true,"href":"https:\/\/iil.ee\/ru\/wp-json\/wp\/v2\/comments?post=47"}],"version-history":[{"count":3,"href":"https:\/\/iil.ee\/ru\/wp-json\/wp\/v2\/pages\/47\/revisions"}],"predecessor-version":[{"id":2035,"href":"https:\/\/iil.ee\/ru\/wp-json\/wp\/v2\/pages\/47\/revisions\/2035"}],"wp:attachment":[{"href":"https:\/\/iil.ee\/ru\/wp-json\/wp\/v2\/media?parent=47"}],"curies":[{"name":"wp","href":"https:\/\/api.w.org\/{rel}","templated":true}]}}