{"id":53,"date":"2025-03-19T09:49:02","date_gmt":"2025-03-19T09:49:02","guid":{"rendered":"https:\/\/iil.ee\/?page_id=53"},"modified":"2025-06-09T17:53:57","modified_gmt":"2025-06-09T14:53:57","slug":"%d1%80%d0%b0%d0%b7%d1%80%d0%b5%d1%88%d0%b5%d0%bd%d0%b8%d0%b5-%d0%bd%d0%b0-%d1%82%d0%b0%d0%ba%d1%81%d0%be%d0%bf%d0%b5%d1%80%d0%b5%d0%b2%d0%be%d0%b7%d0%ba%d0%b8","status":"publish","type":"page","link":"https:\/\/iil.ee\/ru\/taksoload","title":{"rendered":"\u0420\u0430\u0437\u0440\u0435\u0448\u0435\u043d\u0438\u0435 \u043d\u0430 \u0442\u0430\u043a\u0441\u043e\u043f\u0435\u0440\u0435\u0432\u043e\u0437\u043a\u0438"},"content":{"rendered":"<div class=\"bde-globalblock-53-100 bde-globalblock\">\n<section class=\"bde-section-483-100-483-1 bde-section bde-section-483-100\">\n  \n  \n\t\n\n\n\n<div class=\"section-container\"><h1 class=\"bde-heading-483-101-483-1 bde-heading bde-heading-483-101\">\n\u0420\u0430\u0437\u0440\u0435\u0448\u0435\u043d\u0438\u0435 \u043d\u0430 \u0442\u0430\u043a\u0441\u043e\u043f\u0435\u0440\u0435\u0432\u043e\u0437\u043a\u0438\n<\/h1><\/div>\n<\/section>\n<\/div><section class=\"bde-section-53-101 bde-section\">\n  \n  \n\t\n\n\n\n<div class=\"section-container\"><div class=\"bde-rich-text-53-102 bde-rich-text breakdance-rich-text-styles\">\n<p>\u0421\u043b\u0435\u0434\u0443\u044e\u0449\u0438\u0435 \u043c\u0443\u043d\u0438\u0446\u0438\u043f\u0430\u043b\u0438\u0442\u0435\u0442\u044b \u043f\u0435\u0440\u0435\u0434\u0430\u043b\u0438 \u043f\u043e\u043b\u043d\u043e\u043c\u043e\u0447\u0438\u044f \u043f\u043e \u0432\u044b\u0434\u0430\u0447\u0435 \u0434\u043e\u043a\u0443\u043c\u0435\u043d\u0442\u043e\u0432 \u043d\u0430 \u0442\u0430\u043a\u0441\u0438 \u0421\u0435\u0432\u0435\u0440\u043e-\u042d\u0441\u0442\u043e\u043d\u0441\u043a\u043e\u043c\u0443 \u0446\u0435\u043d\u0442\u0440\u0443 \u043e\u0431\u0449\u0435\u0441\u0442\u0432\u0435\u043d\u043d\u043e\u0433\u043e \u0442\u0440\u0430\u043d\u0441\u043f\u043e\u0440\u0442\u0430:<\/p><p><strong>\u041c\u0443\u043d\u0438\u0446\u0438\u043f\u0430\u043b\u0438\u0442\u0435\u0442 \u0425\u0430\u0440\u043a\u0443, \u043c\u0443\u043d\u0438\u0446\u0438\u043f\u0430\u043b\u0438\u0442\u0435\u0442 \u0419\u044b\u044d\u043b\u0430\u0445\u0442\u043c\u0435, \u0433\u043e\u0440\u043e\u0434 \u041a\u0435\u0439\u043b\u0430, \u043c\u0443\u043d\u0438\u0446\u0438\u043f\u0430\u043b\u0438\u0442\u0435\u0442 \u041a\u0438\u0438\u043b\u0438, \u043c\u0443\u043d\u0438\u0446\u0438\u043f\u0430\u043b\u0438\u0442\u0435\u0442 \u041b\u044f\u044d\u043d\u0435-\u0425\u0430\u0440\u044c\u044e, \u043c\u0443\u043d\u0438\u0446\u0438\u043f\u0430\u043b\u0438\u0442\u0435\u0442 \u041a\u043e\u0445\u0438\u043b\u0430, \u043c\u0443\u043d\u0438\u0446\u0438\u043f\u0430\u043b\u0438\u0442\u0435\u0442 \u041a\u043e\u0441\u0435, \u043c\u0443\u043d\u0438\u0446\u0438\u043f\u0430\u043b\u0438\u0442\u0435\u0442 \u0421\u0430\u043a\u0443, \u043c\u0443\u043d\u0438\u0446\u0438\u043f\u0430\u043b\u0438\u0442\u0435\u0442 \u0421\u0430\u0443\u044d, \u043c\u0443\u043d\u0438\u0446\u0438\u043f\u0430\u043b\u0438\u0442\u0435\u0442 \u0420\u0430\u044d, \u043c\u0443\u043d\u0438\u0446\u0438\u043f\u0430\u043b\u0438\u0442\u0435\u0442 \u0420\u0430\u043f\u043b\u0430.<\/strong><\/p><p><a href=\"https:\/\/www.riigiteataja.ee\/akt\/104072017104?leiaKehtiv\" target=\"_blank\" rel=\"noopener\">\u041f\u0440\u043e\u0447\u0438\u0442\u0430\u0439\u0442\u0435 \u0417\u0430\u043a\u043e\u043d \u043e\u0431 \u043e\u0431\u0449\u0435\u0441\u0442\u0432\u0435\u043d\u043d\u043e\u043c \u0442\u0440\u0430\u043d\u0441\u043f\u043e\u0440\u0442\u0435<\/a><\/p>\n<\/div><div class=\"de-accordion-53-105 de-accordion\" data-acc=\"true\" data-animate=\"smooth\" data-open=\"false\" data-tran=\"300\" data-faq=\"false\" data-close-on-click=\"true\">\n  \n\n<h3 class=\"de-accordion-trigger-heading\">\n  <button id=\"de-accordion-105-1\" class=\"de-accordion-trigger\" type=\"button\" aria-expanded=\"\" aria-controls=\"de-acc-105-1\">\n                      <span class=\"acc-icon\">\n            <svg xmlns=\"http:\/\/www.w3.org\/2000\/svg\" viewbox=\"0 0 448 512\"><!--! Font Awesome Free 6.5.1 by @fontawesome - https:\/\/fontawesome.com License - https:\/\/fontawesome.com\/license\/free (Icons: CC BY 4.0, Fonts: SIL OFL 1.1, Code: MIT License) Copyright 2023 Fonticons, Inc. --><path d=\"M201.4 342.6c12.5 12.5 32.8 12.5 45.3 0l160-160c12.5-12.5 12.5-32.8 0-45.3s-32.8-12.5-45.3 0L224 274.7 86.6 137.4c-12.5-12.5-32.8-12.5-45.3 0s-12.5 32.8 0 45.3l160 160z\"\/><\/svg>\n          <\/span>\n                    \t<span class=\"trigger-text\">\u041f\u043e\u0434\u0430\u0447\u0430 \u0437\u0430\u044f\u0432\u043b\u0435\u043d\u0438\u044f \u043d\u0430 \u043f\u043e\u043b\u0443\u0447\u0435\u043d\u0438\u0435 \u043b\u0438\u0446\u0435\u043d\u0437\u0438\u0438 \u043d\u0430 \u0442\u0430\u043a\u0441\u0438<\/span>\n      <\/button>\n<\/h3>\n\n  <div id=\"de-acc-105-1\" class=\"de-accordion-panel\" role=\"region\" aria-labelledby=\"de-accordion-105-1\" style=\"height: 100%\">\n      <ul><li>\u041f\u043e\u0434\u0430\u0439\u0442\u0435 \u0437\u0430\u044f\u0432\u043a\u0443 \u0447\u0435\u0440\u0435\u0437\u00a0<a href=\"https:\/\/mtr.ttja.ee\/\" target=\"_blank\" rel=\"noopener\">MTR<\/a><\/li><li><a href=\"https:\/\/iil.ee\/wp-content\/uploads\/2025\/05\/Taksoveoloa-avaldus-2019.docx\" target=\"_blank\" rel=\"noopener\">\u0417\u0430\u043f\u043e\u043b\u043d\u0438\u0442\u0435 \u0437\u0430\u044f\u0432\u043b\u0435\u043d\u0438\u0435 \u043d\u0430 \u043f\u043e\u043b\u0443\u0447\u0435\u043d\u0438\u0435 \u043b\u0438\u0446\u0435\u043d\u0437\u0438\u0438 \u043d\u0430 \u0442\u0430\u043a\u0441\u0438\u00a0<\/a><\/li><li>\u041e\u0442\u043f\u0440\u0430\u0432\u044c\u0442\u0435 \u0437\u0430\u044f\u0432\u043a\u0443 \u0441 \u0446\u0438\u0444\u0440\u043e\u0432\u043e\u0439 \u043f\u043e\u0434\u043f\u0438\u0441\u044c\u044e \u043f\u043e \u044d\u043b\u0435\u043a\u0442\u0440\u043e\u043d\u043d\u043e\u0439 \u043f\u043e\u0447\u0442\u0435 \u043d\u0430 \u0430\u0434\u0440\u0435\u0441 <a href=\"mailto:takso@iil.ee\">takso@IIL.ee<\/a><\/li><\/ul>\n  <\/div>\n<h3 class=\"de-accordion-trigger-heading\">\n  <button id=\"de-accordion-105-2\" class=\"de-accordion-trigger\" type=\"button\" aria-expanded=\"\" aria-controls=\"de-acc-105-2\">\n                      <span class=\"acc-icon\">\n            <svg xmlns=\"http:\/\/www.w3.org\/2000\/svg\" viewbox=\"0 0 448 512\"><!--! Font Awesome Free 6.5.1 by @fontawesome - https:\/\/fontawesome.com License - https:\/\/fontawesome.com\/license\/free (Icons: CC BY 4.0, Fonts: SIL OFL 1.1, Code: MIT License) Copyright 2023 Fonticons, Inc. --><path d=\"M201.4 342.6c12.5 12.5 32.8 12.5 45.3 0l160-160c12.5-12.5 12.5-32.8 0-45.3s-32.8-12.5-45.3 0L224 274.7 86.6 137.4c-12.5-12.5-32.8-12.5-45.3 0s-12.5 32.8 0 45.3l160 160z\"\/><\/svg>\n          <\/span>\n                    \t<span class=\"trigger-text\">\u0417\u0430\u044f\u0432\u043b\u0435\u043d\u0438\u0435 \u043d\u0430 \u043f\u043e\u043b\u0443\u0447\u0435\u043d\u0438\u0435 \u0432\u043e\u0434\u0438\u0442\u0435\u043b\u044c\u0441\u043a\u043e\u0439 \u043a\u0430\u0440\u0442\u043e\u0447\u043a\u0438<\/span>\n      <\/button>\n<\/h3>\n\n  <div id=\"de-acc-105-2\" class=\"de-accordion-panel\" role=\"region\" aria-labelledby=\"de-accordion-105-2\" style=\"height: 100%\">\n      <p>\u041a\u0430\u0440\u0442\u0443 \u0442\u0440\u0430\u043d\u0441\u043f\u043e\u0440\u0442\u043d\u043e\u0433\u043e \u0441\u0440\u0435\u0434\u0441\u0442\u0432\u0430 \u043c\u043e\u0436\u043d\u043e \u043f\u043e\u043b\u0443\u0447\u0438\u0442\u044c \u043d\u0430 \u043e\u0441\u043d\u043e\u0432\u0430\u043d\u0438\u0438 \u043b\u0438\u0446\u0435\u043d\u0437\u0438\u0438 \u043d\u0430 \u0442\u0430\u043a\u0441\u0438 \u0438\u043b\u0438 \u0441\u043b\u0443\u0436\u0435\u0431\u043d\u043e\u0439 \u043a\u0430\u0440\u0442\u044b.<\/p><ul><li>\u041f\u043e\u0434\u0430\u0439\u0442\u0435 \u0437\u0430\u044f\u0432\u043a\u0443 \u0447\u0435\u0440\u0435\u0437\u00a0<a href=\"https:\/\/mtr.ttja.ee\/\" target=\"_blank\" rel=\"noopener\">MTR<\/a><\/li><li><p>\u0417\u0430\u043f\u043e\u043b\u043d\u0438\u0442\u0435 \u0444\u043e\u0440\u043c\u0443 \u0437\u0430\u044f\u0432\u043b\u0435\u043d\u0438\u044f \u043d\u0430 \u043f\u043e\u043b\u0443\u0447\u0435\u043d\u0438\u0435 \u043a\u0430\u0440\u0442\u043e\u0447\u043a\u0438 \u0442\u0440\u0430\u043d\u0441\u043f\u043e\u0440\u0442\u043d\u043e\u0433\u043e \u0441\u0440\u0435\u0434\u0441\u0442\u0432\u0430:<\/p><p><a href=\"https:\/\/iil.ee\/wp-content\/uploads\/2025\/05\/Taksoveoloa-alusel-soidukikaardi-avaldus-2019.docx\" target=\"_blank\" rel=\"noopener\">\u0417\u0430\u044f\u0432\u043b\u0435\u043d\u0438\u0435 \u043d\u0430 \u043f\u043e\u043b\u0443\u0447\u0435\u043d\u0438\u0435 \u043a\u0430\u0440\u0442\u043e\u0447\u043a\u0438 \u0442\u0440\u0430\u043d\u0441\u043f\u043e\u0440\u0442\u043d\u043e\u0433\u043e \u0441\u0440\u0435\u0434\u0441\u0442\u0432\u0430 \u043d\u0430 \u043e\u0441\u043d\u043e\u0432\u0430\u043d\u0438\u0438 \u043b\u0438\u0446\u0435\u043d\u0437\u0438\u0438 \u043d\u0430 \u0442\u0430\u043a\u0441\u0438\u00a0<\/a><\/p><p><a href=\"https:\/\/iil.ee\/wp-content\/uploads\/2025\/05\/Teenindajakaardi-alusel-soidukikaardi-avaldus-2019.docx\" target=\"_blank\" rel=\"noopener\">\u0417\u0430\u044f\u0432\u043b\u0435\u043d\u0438\u0435 \u043d\u0430 \u043f\u043e\u043b\u0443\u0447\u0435\u043d\u0438\u0435 \u043a\u0430\u0440\u0442\u044b \u0432\u043e\u0434\u0438\u0442\u0435\u043b\u044f \u043d\u0430 \u043e\u0441\u043d\u043e\u0432\u0435 \u0441\u043b\u0443\u0436\u0435\u0431\u043d\u043e\u0439 \u043a\u0430\u0440\u0442\u044b<\/a><\/p><\/li><\/ul><ul><li>\u041e\u0442\u043f\u0440\u0430\u0432\u044c\u0442\u0435 \u0437\u0430\u044f\u0432\u043a\u0443 \u0441 \u0446\u0438\u0444\u0440\u043e\u0432\u043e\u0439 \u043f\u043e\u0434\u043f\u0438\u0441\u044c\u044e \u043f\u043e \u044d\u043b\u0435\u043a\u0442\u0440\u043e\u043d\u043d\u043e\u0439 \u043f\u043e\u0447\u0442\u0435 \u043d\u0430 \u0430\u0434\u0440\u0435\u0441\u00a0<a href=\"mailto:takso@IIL.ee\">takso@IIL.ee<\/a><\/li><\/ul>\n  <\/div>\n<h3 class=\"de-accordion-trigger-heading\">\n  <button id=\"de-accordion-105-3\" class=\"de-accordion-trigger\" type=\"button\" aria-expanded=\"\" aria-controls=\"de-acc-105-3\">\n                      <span class=\"acc-icon\">\n            <svg xmlns=\"http:\/\/www.w3.org\/2000\/svg\" viewbox=\"0 0 448 512\"><!--! Font Awesome Free 6.5.1 by @fontawesome - https:\/\/fontawesome.com License - https:\/\/fontawesome.com\/license\/free (Icons: CC BY 4.0, Fonts: SIL OFL 1.1, Code: MIT License) Copyright 2023 Fonticons, Inc. --><path d=\"M201.4 342.6c12.5 12.5 32.8 12.5 45.3 0l160-160c12.5-12.5 12.5-32.8 0-45.3s-32.8-12.5-45.3 0L224 274.7 86.6 137.4c-12.5-12.5-32.8-12.5-45.3 0s-12.5 32.8 0 45.3l160 160z\"\/><\/svg>\n          <\/span>\n                    \t<span class=\"trigger-text\">\u0417\u0430\u044f\u0432\u043a\u0430 \u043d\u0430 \u043f\u043e\u043b\u0443\u0447\u0435\u043d\u0438\u0435 \u043a\u0430\u0440\u0442\u044b \u043f\u043e\u0441\u0442\u0430\u0432\u0449\u0438\u043a\u0430 \u0443\u0441\u043b\u0443\u0433<\/span>\n      <\/button>\n<\/h3>\n\n  <div id=\"de-acc-105-3\" class=\"de-accordion-panel\" role=\"region\" aria-labelledby=\"de-accordion-105-3\" style=\"height: 100%\">\n      <ul><li>\u041f\u043e\u0434\u0430\u0439\u0442\u0435 \u0437\u0430\u044f\u0432\u043a\u0443 \u0447\u0435\u0440\u0435\u0437\u00a0<a href=\"https:\/\/mtr.ttja.ee\/\" target=\"_blank\" rel=\"noopener\">MTR\u00a0<\/a><\/li><li><a href=\"https:\/\/iil.ee\/wp-content\/uploads\/2025\/05\/Teenindajakaardi-avaldus-2019.docx\" target=\"_blank\" rel=\"noopener\">\u0417\u0430\u043f\u043e\u043b\u043d\u0438\u0442\u0435 \u0437\u0430\u044f\u0432\u043b\u0435\u043d\u0438\u0435 \u043d\u0430 \u043f\u043e\u043b\u0443\u0447\u0435\u043d\u0438\u0435 \u0441\u0435\u0440\u0432\u0438\u0441\u043d\u043e\u0439 \u043a\u0430\u0440\u0442\u044b<\/a><\/li><li>\u041e\u0442\u043f\u0440\u0430\u0432\u044c\u0442\u0435 \u0437\u0430\u044f\u0432\u043a\u0443 \u0441 \u0446\u0438\u0444\u0440\u043e\u0432\u043e\u0439 \u043f\u043e\u0434\u043f\u0438\u0441\u044c\u044e \u043f\u043e \u044d\u043b\u0435\u043a\u0442\u0440\u043e\u043d\u043d\u043e\u0439 \u043f\u043e\u0447\u0442\u0435 \u043d\u0430 \u0430\u0434\u0440\u0435\u0441\u00a0<a href=\"mailto:takso@IIL.ee\">takso@IIL.ee<\/a><\/li><\/ul>\n  <\/div>\n<\/div><div class=\"bde-rich-text-53-107 bde-rich-text breakdance-rich-text-styles\">\n<p><strong>\u0412\u043d\u0438\u043c\u0430\u043d\u0438\u0435!<\/strong><\/p><p>\u0421\u0431\u043e\u0440\u044b \u0437\u0430 \u0432\u044b\u0434\u0430\u0447\u0443 \u0440\u0430\u0437\u0440\u0435\u0448\u0435\u043d\u0438\u0439 \u043d\u0430 \u0442\u0430\u043a\u0441\u0438, \u043a\u0430\u0440\u0442\u043e\u0447\u0435\u043a \u0442\u0440\u0430\u043d\u0441\u043f\u043e\u0440\u0442\u043d\u044b\u0445 \u0441\u0440\u0435\u0434\u0441\u0442\u0432 \u0438 \u0441\u0435\u0440\u0432\u0438\u0441\u043d\u044b\u0445 \u043a\u0430\u0440\u0442\u043e\u0447\u0435\u043a \u043f\u0435\u0440\u0435\u0447\u0438\u0441\u043b\u044f\u044e\u0442\u0441\u044f \u043d\u0430 \u0441\u0447\u0435\u0442 MT\u00dc P\u00f5hja-Eesti \u00dchistranspordikeskus. \u0421\u0447\u0435\u0442 \u043d\u0430 \u043e\u043f\u043b\u0430\u0442\u0443 \u0441\u0435\u0440\u0432\u0438\u0441\u043d\u043e\u0433\u043e \u0441\u0431\u043e\u0440\u0430 \u0431\u0443\u0434\u0435\u0442 \u043e\u0442\u043f\u0440\u0430\u0432\u043b\u0435\u043d \u043d\u0430 \u044d\u043b\u0435\u043a\u0442\u0440\u043e\u043d\u043d\u044b\u0439 \u0430\u0434\u0440\u0435\u0441 \u0437\u0430\u044f\u0432\u0438\u0442\u0435\u043b\u044f \u043f\u043e\u0441\u043b\u0435 \u043f\u043e\u0434\u0430\u0447\u0438 \u0437\u0430\u044f\u0432\u043b\u0435\u043d\u0438\u044f!<\/p><p>\u0414\u043b\u044f \u043f\u043e\u043b\u0443\u0447\u0435\u043d\u0438\u044f \u0434\u043e\u043f\u043e\u043b\u043d\u0438\u0442\u0435\u043b\u044c\u043d\u043e\u0439 \u0438\u043d\u0444\u043e\u0440\u043c\u0430\u0446\u0438\u0438, \u043f\u043e\u0436\u0430\u043b\u0443\u0439\u0441\u0442\u0430, \u043e\u0442\u043f\u0440\u0430\u0432\u044c\u0442\u0435 \u043f\u0438\u0441\u044c\u043c\u043e \u043f\u043e \u0430\u0434\u0440\u0435\u0441\u0443 <a href=\"mailto:takso@IIL.ee\">takso@IIL.ee<\/a><strong><br \/><br \/><\/strong><a href=\"https:\/\/iil.ee\/wp-content\/uploads\/2025\/05\/21_Teenustasude-ja-taotluse-vormide-kinnitamine-taksoveol.pdf\" target=\"_blank\" rel=\"noopener\">\u041f\u0440\u0438\u043a\u0430\u0437\u043e\u043c \u2116 21 \u0443\u043f\u0440\u0430\u0432\u043b\u044f\u044e\u0449\u0435\u0433\u043e Harjumaa \u00dchistranspordikeskuse MT\u00dc \u0443\u0442\u0432\u0435\u0440\u0436\u0434\u0435\u043d\u044b \u0444\u043e\u0440\u043c\u044b \u043f\u043b\u0430\u0442\u044b \u0437\u0430 \u0443\u0441\u043b\u0443\u0433\u0438 \u0438 \u0437\u0430\u044f\u0432\u043a\u0438 \u043d\u0430 \u0442\u0430\u043a\u0441\u043e\u043c\u043e\u0442\u043e\u0440\u043d\u044b\u0435 \u043f\u0435\u0440\u0435\u0432\u043e\u0437\u043a\u0438.<\/a><strong><br \/><\/strong><\/p>\n<\/div><\/div>\n<\/section>","protected":false},"excerpt":{"rendered":"<p>Taksoload P\u00f5hja-Eesti \u00dchistranspordikeskusele on taksoveo dokumentide v\u00e4ljaandmise edasi volitanud j\u00e4rgmised omavalitsused:Harku vald, J\u00f5el\u00e4htme vald, Keila linn, Kiili vald, L\u00e4\u00e4ne-Harju vald, Kohila vald, Kose vald, Saku vald, Saue vald, Rae vald, Rapla vald.Tutvu \u00fchistranspordiseadusega Taksoveoloa taotlemine Esita taotlus l\u00e4bi\u00a0MTR-iT\u00e4ida taksoveoloa taotlemise avaldus\u00a0Saada digitaalselt allkirjastatud avaldus e-kirjaga takso@IIL.ee S\u00f5idukikaardi taotlemine S\u00f5idukikaarti saab taodelda nii taksoveoloa kui teenindajakaardi [&hellip;]<\/p>\n","protected":false},"author":2,"featured_media":0,"parent":0,"menu_order":0,"comment_status":"closed","ping_status":"closed","template":"","meta":{"_acf_changed":false,"_breakdance_hide_in_design_set":false,"_breakdance_tags":"","footnotes":""},"class_list":["post-53","page","type-page","status-publish","hentry"],"acf":[],"publishpress_future_action":{"enabled":false,"date":"2026-05-09 03:13:54","action":"change-status","newStatus":"draft","terms":[],"taxonomy":"","extraData":[]},"publishpress_future_workflow_manual_trigger":{"enabledWorkflows":[]},"_links":{"self":[{"href":"https:\/\/iil.ee\/ru\/wp-json\/wp\/v2\/pages\/53","targetHints":{"allow":["GET"]}}],"collection":[{"href":"https:\/\/iil.ee\/ru\/wp-json\/wp\/v2\/pages"}],"about":[{"href":"https:\/\/iil.ee\/ru\/wp-json\/wp\/v2\/types\/page"}],"author":[{"embeddable":true,"href":"https:\/\/iil.ee\/ru\/wp-json\/wp\/v2\/users\/2"}],"replies":[{"embeddable":true,"href":"https:\/\/iil.ee\/ru\/wp-json\/wp\/v2\/comments?post=53"}],"version-history":[{"count":13,"href":"https:\/\/iil.ee\/ru\/wp-json\/wp\/v2\/pages\/53\/revisions"}],"predecessor-version":[{"id":1928,"href":"https:\/\/iil.ee\/ru\/wp-json\/wp\/v2\/pages\/53\/revisions\/1928"}],"wp:attachment":[{"href":"https:\/\/iil.ee\/ru\/wp-json\/wp\/v2\/media?parent=53"}],"curies":[{"name":"wp","href":"https:\/\/api.w.org\/{rel}","templated":true}]}}